{"id":244,"date":"2023-05-02T10:48:57","date_gmt":"2023-05-02T10:48:57","guid":{"rendered":"https:\/\/wordpress.invajo.com\/akademikonferens\/?page_id=244"},"modified":"2025-10-23T15:18:10","modified_gmt":"2025-10-23T15:18:10","slug":"om-oss","status":"publish","type":"page","link":"https:\/\/www.akademikonferens.se\/en\/om-oss\/","title":{"rendered":"About us"},"content":{"rendered":"<p>[et_pb_section fb_built=&#8221;1&#8243; fullwidth=&#8221;on&#8221; _builder_version=&#8221;4.19.5&#8243; _module_preset=&#8221;default&#8221; hover_enabled=&#8221;0&#8243; global_colors_info=&#8221;{}&#8221; theme_builder_area=&#8221;post_content&#8221; sticky_enabled=&#8221;0&#8243;][et_pb_fullwidth_slider _builder_version=&#8221;4.27.4&#8243; _module_preset=&#8221;default&#8221; custom_padding=&#8221;100px||100px||false|false&#8221; custom_padding_tablet=&#8221;60px||60px||false|false&#8221; custom_padding_phone=&#8221;40px||40px||false|false&#8221; custom_padding_last_edited=&#8221;on|desktop&#8221; hover_enabled=&#8221;0&#8243; global_colors_info=&#8221;{}&#8221; theme_builder_area=&#8221;post_content&#8221; sticky_enabled=&#8221;0&#8243;][et_pb_slide heading=&#8221;Om oss&#8221; _builder_version=&#8221;4.27.4&#8243; _module_preset=&#8221;default&#8221; background_image=&#8221;https:\/\/www.akademikonferens.se\/wp-content\/uploads\/sites\/33\/2023\/04\/ak_landn2.jpeg&#8221; background_enable_image=&#8221;on&#8221; background_layout=&#8221;light&#8221; width_tablet=&#8221;&#8221; width_phone=&#8221;&#8221; width_last_edited=&#8221;on|tablet&#8221; max_width_tablet=&#8221;&#8221; max_width_phone=&#8221;&#8221; max_width_last_edited=&#8221;on|desktop&#8221; hover_enabled=&#8221;0&#8243; header_font_size_tablet=&#8221;46px&#8221; header_font_size_phone=&#8221;36px&#8221; header_font_size_last_edited=&#8221;on|tablet&#8221; global_colors_info=&#8221;{}&#8221; sticky_transition=&#8221;on&#8221; theme_builder_area=&#8221;post_content&#8221; title_text=&#8221;ak_landn2&#8243; header_text_color=&#8221;#FFFFFF&#8221; header_text_shadow_style=&#8221;preset3&#8243; sticky_enabled=&#8221;0&#8243;][\/et_pb_slide][\/et_pb_fullwidth_slider][\/et_pb_section][et_pb_section fb_built=&#8221;1&#8243; admin_label=&#8221;Inneh\u00e5l&#8221; _builder_version=&#8221;4.19.5&#8243; _module_preset=&#8221;default&#8221; global_colors_info=&#8221;{}&#8221;][et_pb_row admin_label=&#8221;En kolumn&#8221; _builder_version=&#8221;4.19.5&#8243; _module_preset=&#8221;default&#8221; global_colors_info=&#8221;{}&#8221;][et_pb_column type=&#8221;4_4&#8243; _builder_version=&#8221;4.19.5&#8243; _module_preset=&#8221;default&#8221; global_colors_info=&#8221;{}&#8221;][et_pb_text admin_label=&#8221;Huvudinneh\u00e5ll&#8221; _builder_version=&#8221;4.19.5&#8243; _module_preset=&#8221;default&#8221; global_colors_info=&#8221;{}&#8221;]<\/p>\n<h2>Academic Conferences<\/h2>\n<p>Academic Conferences is a joint organisation for Karolinska Institutet, SLU, Stockholm University and Uppsala University. Our mission is to strengthen the universities' brand through professionally organised and successful meetings.<\/p>\n<p>We have been in business for 35 years and organise around 100 conferences a year.\u00a0<\/p>\n<p>You will receive professional support for events regardless of format or location, whether at the university's own premises or at external facilities throughout Sweden. Tell us your goals and we will help you achieve them.<\/p>\n<p>[\/et_pb_text][et_pb_divider divider_weight=&#8221;3px&#8221; _builder_version=&#8221;4.19.5&#8243; _module_preset=&#8221;default&#8221; scroll_horizontal_motion_enable=&#8221;on&#8221; scroll_horizontal_motion=&#8221;0|50|50|100|0|0|-18&#8243; scroll_rotating=&#8221;0|44|44|100|0\u00b0|0\u00b0|11\u00b0&#8221; motion_trigger_start=&#8221;top&#8221; border_radii=&#8221;on|1px|1px|1px|1px&#8221; global_colors_info=&#8221;{}&#8221;][\/et_pb_divider][\/et_pb_column][\/et_pb_row][\/et_pb_section][et_pb_section fb_built=&#8221;1&#8243; admin_label=&#8221;Footer&#8221; _builder_version=&#8221;4.24.0&#8243; _module_preset=&#8221;default&#8221; background_color=&#8221;#163352&#8243; custom_margin=&#8221;||||false|false&#8221; global_module=&#8221;24&#8243; saved_tabs=&#8221;all&#8221; global_colors_info=&#8221;{}&#8221;][et_pb_row column_structure=&#8221;1_4,1_4,1_4,1_4&#8243; admin_label=&#8221;Inneh\u00e5ll i footern&#8221; _builder_version=&#8221;4.19.5&#8243; _module_preset=&#8221;default&#8221; global_colors_info=&#8221;{}&#8221;][et_pb_column type=&#8221;1_4&#8243; _builder_version=&#8221;4.19.5&#8243; _module_preset=&#8221;default&#8221; global_colors_info=&#8221;{}&#8221;][et_pb_image src=&#8221;http:\/\/wordpress.invajo.com\/akademikonferens\/wp-content\/uploads\/sites\/33\/2023\/05\/AK-logga-1.png&#8221; alt=&#8221;AK&#8221; title_text=&#8221;AK-logga&#8221; align_tablet=&#8221;&#8221; align_phone=&#8221;center&#8221; align_last_edited=&#8221;on|phone&#8221; _builder_version=&#8221;4.19.5&#8243; _module_preset=&#8221;default&#8221; max_height=&#8221;220px&#8221; border_radii=&#8221;on|5px|5px|5px|5px&#8221; global_colors_info=&#8221;{}&#8221;][\/et_pb_image][\/et_pb_column][et_pb_column type=&#8221;1_4&#8243; _builder_version=&#8221;4.19.5&#8243; _module_preset=&#8221;default&#8221; global_colors_info=&#8221;{}&#8221;][et_pb_text admin_label=&#8221;V\u00e5ra huvudm\u00e4n&#8221; _builder_version=&#8221;4.19.5&#8243; _module_preset=&#8221;default&#8221; global_colors_info=&#8221;{}&#8221;]<\/p>\n<h3><span style=\"color: #ffffff\">Our principals<\/span><\/h3>\n<p>[\/et_pb_text][et_pb_image src=&#8221;http:\/\/wordpress.invajo.com\/akademikonferens\/wp-content\/uploads\/sites\/33\/2023\/04\/Va\u030ara-huvudma\u0308n.png&#8221; title_text=&#8221;Va\u030ara huvudma\u0308n&#8221; align_tablet=&#8221;center&#8221; align_phone=&#8221;&#8221; align_last_edited=&#8221;on|phone&#8221; _builder_version=&#8221;4.19.5&#8243; _module_preset=&#8221;default&#8221; custom_margin=&#8221;|20px|||false|false&#8221; global_colors_info=&#8221;{}&#8221;][\/et_pb_image][\/et_pb_column][et_pb_column type=&#8221;1_4&#8243; _builder_version=&#8221;4.19.5&#8243; _module_preset=&#8221;default&#8221; global_colors_info=&#8221;{}&#8221;][et_pb_text _builder_version=&#8221;4.19.5&#8243; _module_preset=&#8221;default&#8221; global_colors_info=&#8221;{}&#8221;]<\/p>\n<h3><span style=\"color: #ffffff\">ISO certified<\/span><\/h3>\n<p>[\/et_pb_text][et_pb_image src=&#8221;http:\/\/wordpress.invajo.com\/akademikonferens\/wp-content\/uploads\/sites\/33\/2023\/05\/ISO.webp&#8221; title_text=&#8221;ISO&#8221; _builder_version=&#8221;4.19.5&#8243; _module_preset=&#8221;default&#8221; width=&#8221;40%&#8221; custom_margin=&#8221;|||20px|false|false&#8221; global_colors_info=&#8221;{}&#8221;][\/et_pb_image][\/et_pb_column][et_pb_column type=&#8221;1_4&#8243; _builder_version=&#8221;4.19.5&#8243; _module_preset=&#8221;default&#8221; global_colors_info=&#8221;{}&#8221;][et_pb_text admin_label=&#8221;Kontakt&#8221; _builder_version=&#8221;4.26.0&#8243; _module_preset=&#8221;default&#8221; global_colors_info=&#8221;{}&#8221;]<\/p>\n<h3><span style=\"color: #ffffff\">Contact<\/span><\/h3>\n<p>[\/et_pb_text][et_pb_text _builder_version=&#8221;4.26.0&#8243; _module_preset=&#8221;default&#8221; min_height=&#8221;75.2px&#8221; custom_margin=&#8221;||-24px|||&#8221; global_colors_info=&#8221;{}&#8221;]<span style=\"color: #ffffff\">Tel: 08-524 833 00<\/span><br \/>\n<span style=\"color: #ffffff\">Tel: 018-67 10 03<\/span><br \/>\n<span style=\"color: #ffffff\">Tel: 08-16 33 00<\/span><br \/>\n<span style=\"color: #ffffff\">Tel: 018-471 57 30<\/span><\/p>\n<p><span style=\"color: #ffffff\">E-mail <a href=\"mailto:info@akademikonferens.se\">info@akademikonferens.se<\/a><\/span><\/p>\n<p>&nbsp;[\/et_pb_text][et_pb_social_media_follow _builder_version=&#8221;4.21.0&#8243; _module_preset=&#8221;default&#8221; global_colors_info=&#8221;{}&#8221;][et_pb_social_media_follow_network social_network=&#8221;linkedin&#8221; url=&#8221;https:\/\/www.linkedin.com\/company\/akademikonferens\/&#8221; _builder_version=&#8221;4.19.5&#8243; _module_preset=&#8221;default&#8221; background_color=&#8221;#007bb6&#8243; global_colors_info=&#8221;{}&#8221; follow_button=&#8221;off&#8221; url_new_window=&#8221;on&#8221;]linkedin[\/et_pb_social_media_follow_network][\/et_pb_social_media_follow][\/et_pb_column][\/et_pb_row][\/et_pb_section][et_pb_section fb_built=&#8221;1&#8243; fullwidth=&#8221;on&#8221; admin_label=&#8221;Footer 2 l\u00e4ngst ner&#8221; _builder_version=&#8221;4.24.0&#8243; _module_preset=&#8221;default&#8221; background_color=&#8221;#163352&#8243; max_height=&#8221;100px&#8221; global_module=&#8221;25&#8243; saved_tabs=&#8221;all&#8221; global_colors_info=&#8221;{}&#8221;][et_pb_fullwidth_code admin_label=&#8221;AK &#8211; Universitet i samverkan&#8221; _builder_version=&#8221;4.24.0&#8243; _module_preset=&#8221;default&#8221; global_colors_info=&#8221;{}&#8221;]<!-- [et_pb_line_break_holder] --><pee style=\"text-align: center\"><span style=\"color: #ffffff\">Akademikonferens &#8211; Universitet i samverkan: Karolinska Institutet, SLU, Stockholms universitet och Uppsala universitet. <\/span><!-- [et_pb_line_break_holder] --><span style=\"color: #ffffff\">Org. nummer: 202100-2817<\/span><\/pee><pee style=\"text-align: center\"><span style=\"color: #ffffff\"><a href=\"https:\/\/www.akademikonferens.se\/en\/akademikonferens-integritetspolicy\/\">Privacy Policy<\/a> <a href=\"https:\/\/www.akademikonferens.se\/en\/om-webbplatsen\/\">About this website<\/a><\/span><\/pee><!-- [et_pb_line_break_holder] --><!-- [et_pb_line_break_holder] -->[\/et_pb_fullwidth_code][\/et_pb_section]<\/p>","protected":false},"excerpt":{"rendered":"<p>Akademikonferens Akademikonferens \u00e4r en gemensam organisation f\u00f6r Karolinska Institutet, SLU, Stockholms universitet och Uppsala universitet. V\u00e5r uppgift \u00e4r att st\u00e4rka universitetens varum\u00e4rke genom professionellt genomf\u00f6rda och framg\u00e5ngsrika m\u00f6ten. Vi har funnits i 35 \u00e5r och genomf\u00f6r ca 100 konferenser om \u00e5ret.\u00a0 Du f\u00e5r professionellt st\u00f6d vid evenemang oberoende av format eller var du vill genomf\u00f6ra [&hellip;]<\/p>","protected":false},"author":19,"featured_media":0,"parent":0,"menu_order":0,"comment_status":"closed","ping_status":"closed","template":"","meta":{"_et_pb_use_builder":"on","_et_pb_old_content":"","_et_gb_content_width":"","footnotes":""},"class_list":["post-244","page","type-page","status-publish","hentry"],"_links":{"self":[{"href":"https:\/\/www.akademikonferens.se\/en\/wp-json\/wp\/v2\/pages\/244","targetHints":{"allow":["GET"]}}],"collection":[{"href":"https:\/\/www.akademikonferens.se\/en\/wp-json\/wp\/v2\/pages"}],"about":[{"href":"https:\/\/www.akademikonferens.se\/en\/wp-json\/wp\/v2\/types\/page"}],"author":[{"embeddable":true,"href":"https:\/\/www.akademikonferens.se\/en\/wp-json\/wp\/v2\/users\/19"}],"replies":[{"embeddable":true,"href":"https:\/\/www.akademikonferens.se\/en\/wp-json\/wp\/v2\/comments?post=244"}],"version-history":[{"count":8,"href":"https:\/\/www.akademikonferens.se\/en\/wp-json\/wp\/v2\/pages\/244\/revisions"}],"predecessor-version":[{"id":1746,"href":"https:\/\/www.akademikonferens.se\/en\/wp-json\/wp\/v2\/pages\/244\/revisions\/1746"}],"wp:attachment":[{"href":"https:\/\/www.akademikonferens.se\/en\/wp-json\/wp\/v2\/media?parent=244"}],"curies":[{"name":"wp","href":"https:\/\/api.w.org\/{rel}","templated":true}]}}