{"id":371,"date":"2023-05-03T12:23:29","date_gmt":"2023-05-03T12:23:29","guid":{"rendered":"https:\/\/wordpress.invajo.com\/akademikonferens\/?page_id=371"},"modified":"2025-01-27T12:32:52","modified_gmt":"2025-01-27T12:32:52","slug":"akademikonferens-integritetspolicy","status":"publish","type":"page","link":"https:\/\/www.akademikonferens.se\/en\/akademikonferens-integritetspolicy\/","title":{"rendered":"Akademikonferens integritetspolicy"},"content":{"rendered":"<p>[et_pb_section fb_built=&#8221;1&#8243; fullwidth=&#8221;on&#8221; _builder_version=&#8221;4.19.5&#8243; _module_preset=&#8221;default&#8221; global_colors_info=&#8221;{}&#8221;][et_pb_fullwidth_image src=&#8221;http:\/\/wordpress.invajo.com\/akademikonferens\/wp-content\/uploads\/sites\/33\/2023\/05\/AK_landn_04d_2000x500.jpg&#8221; title_text=&#8221;AK_landn_04d_2000x500&#8243; _builder_version=&#8221;4.19.5&#8243; _module_preset=&#8221;default&#8221; global_colors_info=&#8221;{}&#8221;][\/et_pb_fullwidth_image][\/et_pb_section][et_pb_section fb_built=&#8221;1&#8243; admin_label=&#8221;Inneh\u00e5l&#8221; _builder_version=&#8221;4.19.5&#8243; _module_preset=&#8221;default&#8221; global_colors_info=&#8221;{}&#8221;][et_pb_row column_structure=&#8221;3_5,2_5&#8243; _builder_version=&#8221;4.19.5&#8243; _module_preset=&#8221;default&#8221; global_colors_info=&#8221;{}&#8221;][et_pb_column type=&#8221;3_5&#8243; _builder_version=&#8221;4.19.5&#8243; _module_preset=&#8221;default&#8221; global_colors_info=&#8221;{}&#8221;][et_pb_text _builder_version=&#8221;4.26.0&#8243; _module_preset=&#8221;default&#8221; global_colors_info=&#8221;{}&#8221;]<\/p>\n<header>\n<h1 class=\"border-title\">Akademikonferens integritetspolicy<\/h1>\n<div class=\"publish-info\"><\/div>\n<\/header>\n<p class=\"intro\">Akademikonferens, universitet i samverkan: Karolinska Institutet (KI), SLU, Stockholms universitet (SU) och Uppsala universitet (UU), planerar och administrerar konferenser och andra evenemang p\u00e5 uppdrag av sina huvudm\u00e4n och deras samarbetspartners. F\u00f6r att kunna g\u00f6ra detta m\u00e5ste vi samla in och behandla personuppgifter. Syftet med denna policy \u00e4r att f\u00f6rklara vilka uppgifter vi samlar in och hur vi anv\u00e4nder dessa, samt vilka r\u00e4ttigheter du har som registrerad.<\/p>\n<div class=\"main-body clearfix\">\n<div class=\"xhtmlstring\">\n<p><strong>Personuppgiftsansvarig<\/strong><\/p>\n<p>Sveriges lantbruksuniversitet (SLU) \u00e4r personuppgiftsansvarig f\u00f6r behandlingen av dina personuppgifter och personuppgiftsbitr\u00e4de f\u00f6r KI, SU och UU vid anordnandet av konferenser i deras regi.<\/p>\n<p>Dataskyddsombud vid SLU n\u00e5s via<span>\u00a0<\/span><a href=\"mailto:dataskydd@slu.se\">dataskydd@slu.se<\/a><\/p>\n<p><strong>R\u00e4ttslig grund<\/strong><\/p>\n<p>GDPR (General Data Protection Regulation) f\u00f6reskriver att all behandling av personuppgifter skall vila p\u00e5 laglig grund. De lagliga grunder som \u00e4r aktuella f\u00f6r SLU Akademikonferens \u00e4r fullg\u00f6rande av avtal, uppgift av allm\u00e4nt intresse, samtycke, uppfyllande av r\u00e4ttslig f\u00f6rpliktelse.<\/p>\n<p>SLU Akademikonferens anser att den behandling av dina personuppgifter vi utf\u00f6r \u00e4r n\u00f6dv\u00e4ndig f\u00f6r att kunna hantera din anm\u00e4lan och planera f\u00f6r ditt deltagande i konferenser\/evenemang. Den lagliga grund som g\u00e4ller f\u00f6r de olika typer av behandlingar vi utf\u00f6r beskrivs n\u00e4rmare nedan.<\/p>\n<p><strong>\u00c4ndam\u00e5l<\/strong><\/p>\n<p>Vi behandlar och lagrar uppgifter du sj\u00e4lv l\u00e4mnar till oss n\u00e4r du anm\u00e4ler dig till v\u00e5ra konferenser och evenemang.<\/p>\n<p>Uppgifterna anv\u00e4nds f\u00f6r att vi ska kunna fullg\u00f6ra v\u00e5ra \u00e5taganden gentemot dig, administrera din anm\u00e4lan, planera ditt deltagande, betalning, \u00e4ndringar och avbokningar, och i \u00f6vrigt ge dig god service.<\/p>\n<p>Personuppgifterna kan vidare utg\u00f6ra underlag f\u00f6r information till dig om kommande konferenser och evenemang som du \u00e4r intresserad av. Personuppgifter kan ocks\u00e5 komma att anv\u00e4ndas f\u00f6r att kunna fastst\u00e4lla, g\u00f6ra g\u00e4llande eller f\u00f6rsvara r\u00e4ttsliga anspr\u00e5k.<\/p>\n<h3>KATEGORIER AV PERSONUPPGIFTER OCH K\u00c4LLAN TILL DEM<\/h3>\n<p><strong>ANM\u00c4LNINGAR TILL KONFERENSER OCH EVENEMANG<\/strong><\/p>\n<p><em>Syfte<\/em>: Administrera deltagande i konferens\/evenemang, hantering av deltagande i aktiviteter\/seminarier, m\u00e5ltider, transporter, boende, hantering av arvode\/reseers\u00e4ttning\/betalning\/\u00e5terbetalning, statistik, och vidare information till dig om kommande konferenser och evenemang.<\/p>\n<p><em>Typ av uppgifter<\/em>: Namn, personnr, k\u00f6n, befattning, e-post, adress, mobiltelefonummer, telefonummer, val av aktiviteter, bankkontonummer, eventuella allergier och speciella \u00f6nskem\u00e5l eller omst\u00e4ndigheter. Uppgifter som du l\u00e4mnat vid anm\u00e4lan.<\/p>\n<p><em>R\u00e4ttslig grund<\/em>: Fullg\u00f6rande av avtal r\u00f6rande planering och genomf\u00f6rande av konferens\/evenemang, eller samtycke.<\/p>\n<p><strong>DELTAGARUTV\u00c4RDERING OCH KUNDUNDERS\u00d6KNING<\/strong><\/p>\n<p><em>Syfte<\/em>: F\u00e5 in \u00e5terkoppling fr\u00e5n deltagare, f\u00f6rb\u00e4ttra v\u00e5ra tj\u00e4nster och utveckla kommande konferenser och evenemang.<\/p>\n<p><em>Typ av uppgifter<\/em>: Namn, mobiltelefonnummer, ip-nummer, dina svar.<\/p>\n<p><em>Laglig grund<\/em>: Samtycke.<\/p>\n<h3>UTL\u00c4MNANDE<\/h3>\n<p>SLU Akademikonferens kan komma att l\u00e4mna ut dina personuppgifter till den som beg\u00e4r en allm\u00e4n handling om dina personuppgifter finns i den, i enlighet med reglerna om allm\u00e4nna handlingar, s\u00e5vida de inte ska bel\u00e4ggas med sekretess.<\/p>\n<h3>\u00d6VERF\u00d6RING AV PERSONUPPGIFTER<\/h3>\n<p>SLU Akademikonferens l\u00e4gger stor vikt vid s\u00e4ker hantering av dina uppgifter. Vi anv\u00e4nder oss av adekvata fysiska, tekniska och administrativa processer och rutiner f\u00f6r att f\u00f6rvalta de uppgifter vi samlar in och \u00e5tkomst till personuppgifter ges endast till dem som beh\u00f6ver det f\u00f6r sina arbetsuppgifter.<\/p>\n<p>Uppgifter kan dock \u00e4ven behandlas av den aktuella konferensens\/evenemangets v\u00e4rd\/uppdragsgivare och personuppgiftsbitr\u00e4den, dvs f\u00f6retag som SLU Akademikonferens samarbetar med avseende it-drift, betalningar, tryck, distribution, boende, m\u00e5ltider och transporter. Dessa parter f\u00e5r dock inte anv\u00e4nda uppgifter om dig f\u00f6r n\u00e5got annat \u00e4ndam\u00e5l \u00e4n f\u00f6r den aktuella konferensen\/evenemanget med syfte att tillhandah\u00e5lla tj\u00e4nster de anlitas f\u00f6r. De uppgifter som vi samlar in fr\u00e5n dig lagras i l\u00e4nder godk\u00e4nda enligt GDPR.<\/p>\n<p><strong>LAGRING<\/strong><\/p>\n<p>Personuppgifterna sparas s\u00e5 l\u00e4nge det \u00e4n n\u00f6dv\u00e4ndigt med h\u00e4nsyn till \u00e4ndam\u00e5let med behandlingen. Till exempel raderas uppgifter om specialkost\u00f6nskem\u00e5l direkt efter avslutad konferens.<\/p>\n<p>Dina personuppgifter lagras ocks\u00e5 s\u00e5 l\u00e4nge det kr\u00e4vs enligt lagstiftningen om allm\u00e4nna handlingar och myndigheters arkiv.<\/p>\n<h3>DINA R\u00c4TTIGHETER<\/h3>\n<p>Du har r\u00e4tt att under vissa omst\u00e4ndigheter f\u00e5 dina uppgifter raderade, r\u00e4ttade, begr\u00e4nsade och att f\u00e5 tillg\u00e5ng till de personuppgifter som behandlas, samt r\u00e4tten att inv\u00e4nda mot behandlingen. F\u00f6r att anv\u00e4nda dig av dina r\u00e4ttigheter, kontakta<span>\u00a0<\/span><a href=\"mailto:dataskydd@slu.se\">dataskydd@slu.se<\/a><\/p>\n<p>Vi kan dock inte radera dina uppgifter om det f\u00f6religger ett lagstadgat krav p\u00e5 lagring, som exempelvis bokf\u00f6ringsregler, eller n\u00e4r det finns andra legitima sk\u00e4l till varf\u00f6r uppgifterna m\u00e5ste sparas, eller att bearbetningen \u00e4r n\u00f6dv\u00e4ndig f\u00f6r ditt deltagande i konferensen\/evenemanget.<\/p>\n<h3>\u00c5TERKALLANDE AV SAMTYCKE<\/h3>\n<p>Om SLU Akademikonferens behandling av dina personuppgifter baserar sig p\u00e5 samtycke har du r\u00e4tt att \u00e5terkalla detta samtycke.<\/p>\n<p><strong>SYNPUNKTER<\/strong><\/p>\n<p>Om du har synpunkter p\u00e5 SLU:s personuppgiftsbehandling kan du v\u00e4nda dig till<span>\u00a0<\/span><a href=\"mailto:dataskydd@slu.se\">dataskydd@slu.se<\/a><\/p>\n<p>Om du inte \u00e4r n\u00f6jd med SLU:s svar p\u00e5 din kontakt, kan du v\u00e4nda dig med klagom\u00e5l p\u00e5 SLU:s behandling av dina personuppgifter till Integritetsskyddsmyndigheten,<span>\u00a0<\/span><a href=\"mailto:imy@imy.se\">imy@imy.se<\/a>\u00a0eller 08-657 61 00. Du kan l\u00e4sa mer om Integritetsskyddsmyndighetens tillsyn p\u00e5<span>\u00a0<\/span><a href=\"https:\/\/www.imy.se\/vagledningar\/for-dig-som-privatperson\/klagomal\/\" target=\"_blank\" rel=\"noopener\" class=\"external-link\">https:\/\/www.imy.se\/vagledningar\/for-dig-som-privatperson\/klagomal\/<\/a><\/p>\n<\/div>\n<\/div>\n<p>[\/et_pb_text][\/et_pb_column][et_pb_column type=&#8221;2_5&#8243; _builder_version=&#8221;4.19.5&#8243; _module_preset=&#8221;default&#8221; global_colors_info=&#8221;{}&#8221;][et_pb_image src=&#8221;http:\/\/wordpress.invajo.com\/akademikonferens\/wp-content\/uploads\/sites\/33\/2023\/05\/lunch.png&#8221; title_text=&#8221;lunch&#8221; _builder_version=&#8221;4.19.5&#8243; _module_preset=&#8221;default&#8221; global_colors_info=&#8221;{}&#8221;][\/et_pb_image][\/et_pb_column][\/et_pb_row][\/et_pb_section][et_pb_section fb_built=&#8221;1&#8243; admin_label=&#8221;Footer&#8221; _builder_version=&#8221;4.24.0&#8243; _module_preset=&#8221;default&#8221; background_color=&#8221;#163352&#8243; custom_margin=&#8221;||||false|false&#8221; global_module=&#8221;24&#8243; saved_tabs=&#8221;all&#8221; global_colors_info=&#8221;{}&#8221;][et_pb_row column_structure=&#8221;1_4,1_4,1_4,1_4&#8243; admin_label=&#8221;Inneh\u00e5ll i footern&#8221; _builder_version=&#8221;4.19.5&#8243; _module_preset=&#8221;default&#8221; global_colors_info=&#8221;{}&#8221;][et_pb_column type=&#8221;1_4&#8243; _builder_version=&#8221;4.19.5&#8243; _module_preset=&#8221;default&#8221; global_colors_info=&#8221;{}&#8221;][et_pb_image src=&#8221;http:\/\/wordpress.invajo.com\/akademikonferens\/wp-content\/uploads\/sites\/33\/2023\/05\/AK-logga-1.png&#8221; alt=&#8221;AK&#8221; title_text=&#8221;AK-logga&#8221; align_tablet=&#8221;&#8221; align_phone=&#8221;center&#8221; align_last_edited=&#8221;on|phone&#8221; _builder_version=&#8221;4.19.5&#8243; _module_preset=&#8221;default&#8221; max_height=&#8221;220px&#8221; border_radii=&#8221;on|5px|5px|5px|5px&#8221; global_colors_info=&#8221;{}&#8221;][\/et_pb_image][\/et_pb_column][et_pb_column type=&#8221;1_4&#8243; _builder_version=&#8221;4.19.5&#8243; _module_preset=&#8221;default&#8221; global_colors_info=&#8221;{}&#8221;][et_pb_text admin_label=&#8221;V\u00e5ra huvudm\u00e4n&#8221; _builder_version=&#8221;4.19.5&#8243; _module_preset=&#8221;default&#8221; global_colors_info=&#8221;{}&#8221;]<\/p>\n<h3><span style=\"color: #ffffff\">Our principals<\/span><\/h3>\n<p>[\/et_pb_text][et_pb_image src=&#8221;http:\/\/wordpress.invajo.com\/akademikonferens\/wp-content\/uploads\/sites\/33\/2023\/04\/Va\u030ara-huvudma\u0308n.png&#8221; title_text=&#8221;Va\u030ara huvudma\u0308n&#8221; align_tablet=&#8221;center&#8221; align_phone=&#8221;&#8221; align_last_edited=&#8221;on|phone&#8221; _builder_version=&#8221;4.19.5&#8243; _module_preset=&#8221;default&#8221; custom_margin=&#8221;|20px|||false|false&#8221; global_colors_info=&#8221;{}&#8221;][\/et_pb_image][\/et_pb_column][et_pb_column type=&#8221;1_4&#8243; _builder_version=&#8221;4.19.5&#8243; _module_preset=&#8221;default&#8221; global_colors_info=&#8221;{}&#8221;][et_pb_text _builder_version=&#8221;4.19.5&#8243; _module_preset=&#8221;default&#8221; global_colors_info=&#8221;{}&#8221;]<\/p>\n<h3><span style=\"color: #ffffff\">ISO certified<\/span><\/h3>\n<p>[\/et_pb_text][et_pb_image src=&#8221;http:\/\/wordpress.invajo.com\/akademikonferens\/wp-content\/uploads\/sites\/33\/2023\/05\/ISO.webp&#8221; title_text=&#8221;ISO&#8221; _builder_version=&#8221;4.19.5&#8243; _module_preset=&#8221;default&#8221; width=&#8221;40%&#8221; custom_margin=&#8221;|||20px|false|false&#8221; global_colors_info=&#8221;{}&#8221;][\/et_pb_image][\/et_pb_column][et_pb_column type=&#8221;1_4&#8243; _builder_version=&#8221;4.19.5&#8243; _module_preset=&#8221;default&#8221; global_colors_info=&#8221;{}&#8221;][et_pb_text admin_label=&#8221;Kontakt&#8221; _builder_version=&#8221;4.19.5&#8243; _module_preset=&#8221;default&#8221; global_colors_info=&#8221;{}&#8221;]<\/p>\n<h3><span style=\"color: #ffffff\">Contact<\/span><\/h3>\n<p>[\/et_pb_text][et_pb_text _builder_version=&#8221;4.19.5&#8243; _module_preset=&#8221;default&#8221; min_height=&#8221;75.2px&#8221; custom_margin=&#8221;||-24px|||&#8221; global_colors_info=&#8221;{}&#8221;]<\/p>\n<p><span style=\"color: #ffffff\">Tel: +46 18 67 10 03<\/span><\/p>\n<p><span style=\"color: #ffffff\">E-mail <a href=\"mailto:info@akademikonferens.se\">info@akademikonferens.se<\/a><\/span><\/p>\n<p>&nbsp;<\/p>\n<p>[\/et_pb_text][et_pb_social_media_follow _builder_version=&#8221;4.21.0&#8243; _module_preset=&#8221;default&#8221; global_colors_info=&#8221;{}&#8221;][et_pb_social_media_follow_network social_network=&#8221;linkedin&#8221; url=&#8221;https:\/\/www.linkedin.com\/company\/akademikonferens\/&#8221; _builder_version=&#8221;4.19.5&#8243; _module_preset=&#8221;default&#8221; background_color=&#8221;#007bb6&#8243; global_colors_info=&#8221;{}&#8221; follow_button=&#8221;off&#8221; url_new_window=&#8221;on&#8221;]linkedin[\/et_pb_social_media_follow_network][\/et_pb_social_media_follow][\/et_pb_column][\/et_pb_row][\/et_pb_section][et_pb_section fb_built=&#8221;1&#8243; fullwidth=&#8221;on&#8221; admin_label=&#8221;Footer 2 l\u00e4ngst ner&#8221; _builder_version=&#8221;4.24.0&#8243; _module_preset=&#8221;default&#8221; background_color=&#8221;#163352&#8243; max_height=&#8221;100px&#8221; global_module=&#8221;25&#8243; saved_tabs=&#8221;all&#8221; global_colors_info=&#8221;{}&#8221;][et_pb_fullwidth_code admin_label=&#8221;AK &#8211; Universitet i samverkan&#8221; _builder_version=&#8221;4.24.0&#8243; _module_preset=&#8221;default&#8221; global_colors_info=&#8221;{}&#8221;]<!-- [et_pb_line_break_holder] --><pee style=\"text-align: center\"><span style=\"color: #ffffff\">Akademikonferens &#8211; Universitet i samverkan: Karolinska Institutet, SLU, Stockholms universitet och Uppsala universitet. <\/span><!-- [et_pb_line_break_holder] --><span style=\"color: #ffffff\">Org. nummer: 202100-2817<\/span><\/pee><pee style=\"text-align: center\"><span style=\"color: #ffffff\"><a href=\"https:\/\/www.akademikonferens.se\/en\/akademikonferens-integritetspolicy\/\">Privacy Policy<\/a> <a href=\"https:\/\/www.akademikonferens.se\/en\/om-webbplatsen\/\">About this website<\/a><\/span><\/pee><!-- [et_pb_line_break_holder] --><!-- [et_pb_line_break_holder] -->[\/et_pb_fullwidth_code][\/et_pb_section]<\/p>","protected":false},"excerpt":{"rendered":"<p>Akademikonferens integritetspolicy Akademikonferens, universitet i samverkan: Karolinska Institutet (KI), SLU, Stockholms universitet (SU) och Uppsala universitet (UU), planerar och administrerar konferenser och andra evenemang p\u00e5 uppdrag av sina huvudm\u00e4n och deras samarbetspartners. F\u00f6r att kunna g\u00f6ra detta m\u00e5ste vi samla in och behandla personuppgifter. Syftet med denna policy \u00e4r att f\u00f6rklara vilka uppgifter vi samlar [&hellip;]<\/p>","protected":false},"author":19,"featured_media":0,"parent":0,"menu_order":0,"comment_status":"closed","ping_status":"closed","template":"","meta":{"_et_pb_use_builder":"on","_et_pb_old_content":"","_et_gb_content_width":"","footnotes":""},"class_list":["post-371","page","type-page","status-publish","hentry"],"_links":{"self":[{"href":"https:\/\/www.akademikonferens.se\/en\/wp-json\/wp\/v2\/pages\/371","targetHints":{"allow":["GET"]}}],"collection":[{"href":"https:\/\/www.akademikonferens.se\/en\/wp-json\/wp\/v2\/pages"}],"about":[{"href":"https:\/\/www.akademikonferens.se\/en\/wp-json\/wp\/v2\/types\/page"}],"author":[{"embeddable":true,"href":"https:\/\/www.akademikonferens.se\/en\/wp-json\/wp\/v2\/users\/19"}],"replies":[{"embeddable":true,"href":"https:\/\/www.akademikonferens.se\/en\/wp-json\/wp\/v2\/comments?post=371"}],"version-history":[{"count":5,"href":"https:\/\/www.akademikonferens.se\/en\/wp-json\/wp\/v2\/pages\/371\/revisions"}],"predecessor-version":[{"id":1421,"href":"https:\/\/www.akademikonferens.se\/en\/wp-json\/wp\/v2\/pages\/371\/revisions\/1421"}],"wp:attachment":[{"href":"https:\/\/www.akademikonferens.se\/en\/wp-json\/wp\/v2\/media?parent=371"}],"curies":[{"name":"wp","href":"https:\/\/api.w.org\/{rel}","templated":true}]}}