{"id":506,"date":"2023-05-05T11:05:32","date_gmt":"2023-05-05T11:05:32","guid":{"rendered":"https:\/\/wordpress.invajo.com\/akademikonferens\/?page_id=506"},"modified":"2025-11-14T16:23:25","modified_gmt":"2025-11-14T16:23:25","slug":"anbud-bid","status":"publish","type":"page","link":"https:\/\/www.akademikonferens.se\/en\/anbud-bid\/","title":{"rendered":"Bids"},"content":{"rendered":"<p>[et_pb_section fb_built=&#8221;1&#8243; fullwidth=&#8221;on&#8221; _builder_version=&#8221;4.19.5&#8243; _module_preset=&#8221;default&#8221; global_colors_info=&#8221;{}&#8221; theme_builder_area=&#8221;post_content&#8221;][et_pb_fullwidth_slider _builder_version=&#8221;4.27.4&#8243; _module_preset=&#8221;default&#8221; custom_padding=&#8221;100px||100px||false|false&#8221; custom_padding_tablet=&#8221;60px||60px||false|false&#8221; custom_padding_phone=&#8221;40px||40px||false|false&#8221; custom_padding_last_edited=&#8221;on|desktop&#8221; hover_enabled=&#8221;0&#8243; global_colors_info=&#8221;{}&#8221; theme_builder_area=&#8221;post_content&#8221; sticky_enabled=&#8221;0&#8243;][et_pb_slide heading=&#8221;Anbud \/ BID&#8221; _builder_version=&#8221;4.27.4&#8243; _module_preset=&#8221;default&#8221; background_image=&#8221;https:\/\/www.akademikonferens.se\/wp-content\/uploads\/sites\/33\/2023\/04\/ak_landn_05c_2000x500.jpg&#8221; background_enable_image=&#8221;on&#8221; width_tablet=&#8221;&#8221; width_phone=&#8221;&#8221; width_last_edited=&#8221;on|tablet&#8221; max_width_tablet=&#8221;&#8221; max_width_phone=&#8221;&#8221; max_width_last_edited=&#8221;on|desktop&#8221; hover_enabled=&#8221;0&#8243; header_font_size_tablet=&#8221;46px&#8221; header_font_size_phone=&#8221;36px&#8221; header_font_size_last_edited=&#8221;on|tablet&#8221; global_colors_info=&#8221;{}&#8221; sticky_transition=&#8221;on&#8221; theme_builder_area=&#8221;post_content&#8221; alt=&#8221;Bakgrund_Kontakt&#8221; title_text=&#8221;Bakgrund_Kontakt&#8221; text_shadow_style=&#8221;preset3&#8243; text_shadow_blur_strength=&#8221;0.57em&#8221; text_shadow_color=&#8221;#000000&#8243; sticky_enabled=&#8221;0&#8243;][\/et_pb_slide][\/et_pb_fullwidth_slider][\/et_pb_section][et_pb_section fb_built=&#8221;1&#8243; admin_label=&#8221;Inneh\u00e5l&#8221; _builder_version=&#8221;4.19.5&#8243; _module_preset=&#8221;default&#8221; global_colors_info=&#8221;{}&#8221;][et_pb_row column_structure=&#8221;3_5,2_5&#8243; _builder_version=&#8221;4.19.5&#8243; _module_preset=&#8221;default&#8221; global_colors_info=&#8221;{}&#8221;][et_pb_column type=&#8221;3_5&#8243; _builder_version=&#8221;4.19.5&#8243; _module_preset=&#8221;default&#8221; global_colors_info=&#8221;{}&#8221;][et_pb_text _builder_version=&#8221;4.27.4&#8243; _module_preset=&#8221;default&#8221; hover_enabled=&#8221;0&#8243; global_colors_info=&#8221;{}&#8221; sticky_enabled=&#8221;0&#8243;]<\/p>\n<p>Sometimes there are several universities and researchers in the world who want to get the coveted hosting position and you need to compete with them. We will help you win!<\/p>\n<p>Academic Conferences has extensive experience in formulating and producing winning bids.<\/p>\n<p>We support you throughout the application process and the creation of the tender. We also help you with presentation materials and site inspections for decision-makers.<\/p>\n<p>This service is completely free of charge for you and your institution.<\/p>\n<p>&nbsp;<\/p>\n<p>[\/et_pb_text][et_pb_button button_url=&#8221;https:\/\/akademikonferens.se\/kontakt\/&#8221; button_text=&#8221;Kontakta oss f\u00f6r mer info&#8221; admin_label=&#8221;kontaktknapp&#8221; _builder_version=&#8221;4.24.0&#8243; _module_preset=&#8221;default&#8221; global_colors_info=&#8221;{}&#8221;][\/et_pb_button][\/et_pb_column][et_pb_column type=&#8221;2_5&#8243; _builder_version=&#8221;4.19.5&#8243; _module_preset=&#8221;default&#8221; global_colors_info=&#8221;{}&#8221;][et_pb_image src=&#8221;http:\/\/wordpress.invajo.com\/akademikonferens\/wp-content\/uploads\/sites\/33\/2023\/05\/BID.webp&#8221; title_text=&#8221;BID&#8221; _builder_version=&#8221;4.19.5&#8243; _module_preset=&#8221;default&#8221; global_colors_info=&#8221;{}&#8221;][\/et_pb_image][\/et_pb_column][\/et_pb_row][\/et_pb_section][et_pb_section fb_built=&#8221;1&#8243; admin_label=&#8221;Footer&#8221; _builder_version=&#8221;4.24.0&#8243; _module_preset=&#8221;default&#8221; background_color=&#8221;#163352&#8243; custom_margin=&#8221;||||false|false&#8221; global_module=&#8221;24&#8243; saved_tabs=&#8221;all&#8221; global_colors_info=&#8221;{}&#8221;][et_pb_row column_structure=&#8221;1_4,1_4,1_4,1_4&#8243; admin_label=&#8221;Inneh\u00e5ll i footern&#8221; _builder_version=&#8221;4.19.5&#8243; _module_preset=&#8221;default&#8221; global_colors_info=&#8221;{}&#8221;][et_pb_column type=&#8221;1_4&#8243; _builder_version=&#8221;4.19.5&#8243; _module_preset=&#8221;default&#8221; global_colors_info=&#8221;{}&#8221;][et_pb_image src=&#8221;http:\/\/wordpress.invajo.com\/akademikonferens\/wp-content\/uploads\/sites\/33\/2023\/05\/AK-logga-1.png&#8221; alt=&#8221;AK&#8221; title_text=&#8221;AK-logga&#8221; align_tablet=&#8221;&#8221; align_phone=&#8221;center&#8221; align_last_edited=&#8221;on|phone&#8221; _builder_version=&#8221;4.19.5&#8243; _module_preset=&#8221;default&#8221; max_height=&#8221;220px&#8221; border_radii=&#8221;on|5px|5px|5px|5px&#8221; global_colors_info=&#8221;{}&#8221;][\/et_pb_image][\/et_pb_column][et_pb_column type=&#8221;1_4&#8243; _builder_version=&#8221;4.19.5&#8243; _module_preset=&#8221;default&#8221; global_colors_info=&#8221;{}&#8221;][et_pb_text admin_label=&#8221;V\u00e5ra huvudm\u00e4n&#8221; _builder_version=&#8221;4.19.5&#8243; _module_preset=&#8221;default&#8221; global_colors_info=&#8221;{}&#8221;]<\/p>\n<h3><span style=\"color: #ffffff\">Our principals<\/span><\/h3>\n<p>[\/et_pb_text][et_pb_image src=&#8221;http:\/\/wordpress.invajo.com\/akademikonferens\/wp-content\/uploads\/sites\/33\/2023\/04\/Va\u030ara-huvudma\u0308n.png&#8221; title_text=&#8221;Va\u030ara huvudma\u0308n&#8221; align_tablet=&#8221;center&#8221; align_phone=&#8221;&#8221; align_last_edited=&#8221;on|phone&#8221; _builder_version=&#8221;4.19.5&#8243; _module_preset=&#8221;default&#8221; custom_margin=&#8221;|20px|||false|false&#8221; global_colors_info=&#8221;{}&#8221;][\/et_pb_image][\/et_pb_column][et_pb_column type=&#8221;1_4&#8243; _builder_version=&#8221;4.19.5&#8243; _module_preset=&#8221;default&#8221; global_colors_info=&#8221;{}&#8221;][et_pb_text _builder_version=&#8221;4.19.5&#8243; _module_preset=&#8221;default&#8221; global_colors_info=&#8221;{}&#8221;]<\/p>\n<h3><span style=\"color: #ffffff\">ISO certified<\/span><\/h3>\n<p>[\/et_pb_text][et_pb_image src=&#8221;http:\/\/wordpress.invajo.com\/akademikonferens\/wp-content\/uploads\/sites\/33\/2023\/05\/ISO.webp&#8221; title_text=&#8221;ISO&#8221; _builder_version=&#8221;4.19.5&#8243; _module_preset=&#8221;default&#8221; width=&#8221;40%&#8221; custom_margin=&#8221;|||20px|false|false&#8221; global_colors_info=&#8221;{}&#8221;][\/et_pb_image][\/et_pb_column][et_pb_column type=&#8221;1_4&#8243; _builder_version=&#8221;4.19.5&#8243; _module_preset=&#8221;default&#8221; global_colors_info=&#8221;{}&#8221;][et_pb_text admin_label=&#8221;Kontakt&#8221; _builder_version=&#8221;4.26.0&#8243; _module_preset=&#8221;default&#8221; global_colors_info=&#8221;{}&#8221;]<\/p>\n<h3><span style=\"color: #ffffff\">Contact<\/span><\/h3>\n<p>[\/et_pb_text][et_pb_text _builder_version=&#8221;4.26.0&#8243; _module_preset=&#8221;default&#8221; min_height=&#8221;75.2px&#8221; custom_margin=&#8221;||-24px|||&#8221; global_colors_info=&#8221;{}&#8221;]<span style=\"color: #ffffff\">Tel: 08-524 833 00<\/span><br \/>\n<span style=\"color: #ffffff\">Tel: 018-67 10 03<\/span><br \/>\n<span style=\"color: #ffffff\">Tel: 08-16 33 00<\/span><br \/>\n<span style=\"color: #ffffff\">Tel: 018-471 57 30<\/span><\/p>\n<p><span style=\"color: #ffffff\">E-mail <a href=\"mailto:info@akademikonferens.se\">info@akademikonferens.se<\/a><\/span><\/p>\n<p>&nbsp;[\/et_pb_text][et_pb_social_media_follow _builder_version=&#8221;4.21.0&#8243; _module_preset=&#8221;default&#8221; global_colors_info=&#8221;{}&#8221;][et_pb_social_media_follow_network social_network=&#8221;linkedin&#8221; url=&#8221;https:\/\/www.linkedin.com\/company\/akademikonferens\/&#8221; _builder_version=&#8221;4.19.5&#8243; _module_preset=&#8221;default&#8221; background_color=&#8221;#007bb6&#8243; global_colors_info=&#8221;{}&#8221; follow_button=&#8221;off&#8221; url_new_window=&#8221;on&#8221;]linkedin[\/et_pb_social_media_follow_network][\/et_pb_social_media_follow][\/et_pb_column][\/et_pb_row][\/et_pb_section][et_pb_section fb_built=&#8221;1&#8243; fullwidth=&#8221;on&#8221; admin_label=&#8221;Footer 2 l\u00e4ngst ner&#8221; _builder_version=&#8221;4.24.0&#8243; _module_preset=&#8221;default&#8221; background_color=&#8221;#163352&#8243; max_height=&#8221;100px&#8221; global_module=&#8221;25&#8243; saved_tabs=&#8221;all&#8221; global_colors_info=&#8221;{}&#8221;][et_pb_fullwidth_code admin_label=&#8221;AK &#8211; Universitet i samverkan&#8221; _builder_version=&#8221;4.24.0&#8243; _module_preset=&#8221;default&#8221; global_colors_info=&#8221;{}&#8221;]<!-- [et_pb_line_break_holder] --><pee style=\"text-align: center\"><span style=\"color: #ffffff\">Akademikonferens &#8211; Universitet i samverkan: Karolinska Institutet, SLU, Stockholms universitet och Uppsala universitet. <\/span><!-- [et_pb_line_break_holder] --><span style=\"color: #ffffff\">Org. nummer: 202100-2817<\/span><\/pee><pee style=\"text-align: center\"><span style=\"color: #ffffff\"><a href=\"https:\/\/www.akademikonferens.se\/en\/akademikonferens-integritetspolicy\/\">Privacy Policy<\/a> <a href=\"https:\/\/www.akademikonferens.se\/en\/om-webbplatsen\/\">About this website<\/a><\/span><\/pee><!-- [et_pb_line_break_holder] --><!-- [et_pb_line_break_holder] -->[\/et_pb_fullwidth_code][\/et_pb_section]<\/p>","protected":false},"excerpt":{"rendered":"<p>Ibland \u00e4r det flera universitet och forskare i v\u00e4rlden som vill f\u00e5 det \u00e5tr\u00e5v\u00e4rda v\u00e4rdskapet och du beh\u00f6ver konkurrera med dem. Du kan vinna, vi hj\u00e4lper dig! Akademikonferens har l\u00e5ng erfarenhet av att formulera och producera vinnande anbud, som i konferenssammanhang kallas BID. Vi st\u00f6djer dig genom hela ans\u00f6kningsprocessen och skapandet av anbudet. Vi hj\u00e4lper [&hellip;]<\/p>","protected":false},"author":19,"featured_media":0,"parent":0,"menu_order":0,"comment_status":"closed","ping_status":"closed","template":"","meta":{"_et_pb_use_builder":"on","_et_pb_old_content":"","_et_gb_content_width":"","footnotes":""},"class_list":["post-506","page","type-page","status-publish","hentry"],"_links":{"self":[{"href":"https:\/\/www.akademikonferens.se\/en\/wp-json\/wp\/v2\/pages\/506","targetHints":{"allow":["GET"]}}],"collection":[{"href":"https:\/\/www.akademikonferens.se\/en\/wp-json\/wp\/v2\/pages"}],"about":[{"href":"https:\/\/www.akademikonferens.se\/en\/wp-json\/wp\/v2\/types\/page"}],"author":[{"embeddable":true,"href":"https:\/\/www.akademikonferens.se\/en\/wp-json\/wp\/v2\/users\/19"}],"replies":[{"embeddable":true,"href":"https:\/\/www.akademikonferens.se\/en\/wp-json\/wp\/v2\/comments?post=506"}],"version-history":[{"count":6,"href":"https:\/\/www.akademikonferens.se\/en\/wp-json\/wp\/v2\/pages\/506\/revisions"}],"predecessor-version":[{"id":1805,"href":"https:\/\/www.akademikonferens.se\/en\/wp-json\/wp\/v2\/pages\/506\/revisions\/1805"}],"wp:attachment":[{"href":"https:\/\/www.akademikonferens.se\/en\/wp-json\/wp\/v2\/media?parent=506"}],"curies":[{"name":"wp","href":"https:\/\/api.w.org\/{rel}","templated":true}]}}