{"id":551,"date":"2023-05-09T12:35:16","date_gmt":"2023-05-09T12:35:16","guid":{"rendered":"https:\/\/wordpress.invajo.com\/akademikonferens\/?page_id=551"},"modified":"2023-05-09T12:41:45","modified_gmt":"2023-05-09T12:41:45","slug":"intern-sida-med-bra-grejer","status":"publish","type":"page","link":"https:\/\/www.akademikonferens.se\/en\/intern-sida-med-bra-grejer\/","title":{"rendered":"Intern-sida-med-bra-grejer"},"content":{"rendered":"<p>[et_pb_section fb_built=&#8221;1&#8243; admin_label=&#8221;Inneh\u00e5l&#8221; _builder_version=&#8221;4.19.5&#8243; _module_preset=&#8221;default&#8221; global_colors_info=&#8221;{}&#8221;][et_pb_row _builder_version=&#8221;4.19.5&#8243; _module_preset=&#8221;default&#8221; global_colors_info=&#8221;{}&#8221;][et_pb_column type=&#8221;4_4&#8243; _builder_version=&#8221;4.19.5&#8243; _module_preset=&#8221;default&#8221; global_colors_info=&#8221;{}&#8221;][et_pb_post_title meta=&#8221;off&#8221; featured_image=&#8221;off&#8221; _builder_version=&#8221;4.19.5&#8243; _module_preset=&#8221;default&#8221; global_colors_info=&#8221;{}&#8221;][\/et_pb_post_title][\/et_pb_column][\/et_pb_row][et_pb_row column_structure=&#8221;1_2,1_2&#8243; _builder_version=&#8221;4.19.5&#8243; _module_preset=&#8221;default&#8221; global_colors_info=&#8221;{}&#8221;][et_pb_column type=&#8221;1_2&#8243; _builder_version=&#8221;4.19.5&#8243; _module_preset=&#8221;default&#8221; global_colors_info=&#8221;{}&#8221;][et_pb_text _builder_version=&#8221;4.19.5&#8243; _module_preset=&#8221;default&#8221; hover_enabled=&#8221;0&#8243; global_colors_info=&#8221;{}&#8221; sticky_enabled=&#8221;0&#8243;]<\/p>\n<div class=\"xhtmlstring\">\n<h2 class=\"intro\"><b>A<\/b><\/h2>\n<p class=\"intro\"><strong>Aff\u00e4rsplan &amp; varum\u00e4rke<\/strong><br \/>\\\\storage-ua.slu.se\\common$\\Kommu\\Akademikonferens\\NyCommon2020\\1. Akademikonferens\\Marknadsf\u00f6ring\\Aff\u00e4rsplan &amp; varum\u00e4rke<\/p>\n<p class=\"intro\">Akademikonferens grafiska profil &#8211; se Grafisk profil<b><\/b><\/p>\n<h2 class=\"intro\"><strong>B<\/strong><\/h2>\n<p class=\"intro\"><strong>Bildbank<\/strong><br \/>\\\\storage-ua.slu.se\\common$\\Kommu\\Akademikonferens\\NyCommon2020\\1. Akademikonferens\\Marknadsf\u00f6ring\\Bildbank<\/p>\n<p class=\"intro\">\n<h2 class=\"intro\">C<\/h2>\n<p class=\"intro\">\n<h2 class=\"intro\">D<\/h2>\n<p class=\"intro\">\n<h2 class=\"intro\">E<\/h2>\n<p class=\"intro\">\n<h2 class=\"intro\">F<\/h2>\n<p class=\"intro\">\n<h2 class=\"intro\"><strong>G<\/strong><\/h2>\n<p class=\"intro\">G<strong>rafisk profil &#8211; logga, typsnitt mm<\/strong><br \/>\\\\storage-ua.slu.se\\common$\\Kommu\\Akademikonferens\\NyCommon2020\\1. Akademikonferens\\Marknadsf\u00f6ring\\AK Grafisk profil 2023<\/p>\n<p class=\"intro\">\n<p class=\"intro\">H<\/p>\n<p class=\"intro\">\n<p class=\"intro\">I<\/p>\n<p class=\"intro\">\n<p class=\"intro\">J<\/p>\n<p class=\"intro\">\n<p class=\"intro\">K<\/p>\n<p class=\"intro\">\n<p class=\"intro\">L<\/p>\n<p class=\"intro\">\n<p class=\"intro\">M<\/p>\n<p class=\"intro\">\n<p class=\"intro\">N<\/p>\n<p class=\"intro\">\n<p class=\"intro\">\n<p class=\"intro\">\n<p class=\"intro\"><b><\/b><\/p>\n<\/div>\n<p>[\/et_pb_text][\/et_pb_column][et_pb_column type=&#8221;1_2&#8243; _builder_version=&#8221;4.19.5&#8243; _module_preset=&#8221;default&#8221; global_colors_info=&#8221;{}&#8221;][et_pb_text _builder_version=&#8221;4.19.5&#8243; _module_preset=&#8221;default&#8221; hover_enabled=&#8221;0&#8243; global_colors_info=&#8221;{}&#8221; sticky_enabled=&#8221;0&#8243;]<\/p>\n<p class=\"intro\">\n<p class=\"intro\">O<\/p>\n<p class=\"intro\">\n<p class=\"intro\">P<\/p>\n<p class=\"intro\">\n<p class=\"intro\">Q<\/p>\n<p class=\"intro\">\n<p class=\"intro\">R<\/p>\n<p class=\"intro\">\n<p class=\"intro\">S<\/p>\n<p class=\"intro\">\n<p class=\"intro\">T<\/p>\n<p class=\"intro\">\n<p class=\"intro\">U<\/p>\n<p class=\"intro\">\n<p class=\"intro\">V<\/p>\n<p class=\"intro\">\n<p class=\"intro\">X<\/p>\n<p class=\"intro\">\n<p class=\"intro\">Y<\/p>\n<p class=\"intro\">\n<p class=\"intro\">Z<\/p>\n<p class=\"intro\">\n<p class=\"intro\">\u00c5<\/p>\n<p class=\"intro\">\n<p class=\"intro\">\u00c4<\/p>\n<p class=\"intro\">\n<p class=\"intro\">\u00d6<\/p>\n<p>[\/et_pb_text][\/et_pb_column][\/et_pb_row][\/et_pb_section][et_pb_section fb_built=&#8221;1&#8243; admin_label=&#8221;Footer&#8221; _builder_version=&#8221;4.19.5&#8243; _module_preset=&#8221;default&#8221; background_color=&#8221;#163352&#8243; custom_margin=&#8221;||||false|false&#8221; global_module=&#8221;24&#8243; saved_tabs=&#8221;all&#8221; global_colors_info=&#8221;{}&#8221;][et_pb_row column_structure=&#8221;1_4,1_4,1_4,1_4&#8243; admin_label=&#8221;Inneh\u00e5ll i footern&#8221; _builder_version=&#8221;4.19.5&#8243; _module_preset=&#8221;default&#8221; global_colors_info=&#8221;{}&#8221;][et_pb_column type=&#8221;1_4&#8243; _builder_version=&#8221;4.19.5&#8243; _module_preset=&#8221;default&#8221; global_colors_info=&#8221;{}&#8221;][et_pb_image src=&#8221;http:\/\/wordpress.invajo.com\/akademikonferens\/wp-content\/uploads\/sites\/33\/2023\/05\/AK-logga-1.png&#8221; alt=&#8221;AK&#8221; title_text=&#8221;AK-logga&#8221; align_tablet=&#8221;&#8221; align_phone=&#8221;center&#8221; align_last_edited=&#8221;on|phone&#8221; _builder_version=&#8221;4.19.5&#8243; _module_preset=&#8221;default&#8221; max_height=&#8221;220px&#8221; border_radii=&#8221;on|5px|5px|5px|5px&#8221; global_colors_info=&#8221;{}&#8221;][\/et_pb_image][\/et_pb_column][et_pb_column type=&#8221;1_4&#8243; _builder_version=&#8221;4.19.5&#8243; _module_preset=&#8221;default&#8221; global_colors_info=&#8221;{}&#8221;][et_pb_text admin_label=&#8221;V\u00e5ra huvudm\u00e4n&#8221; _builder_version=&#8221;4.19.5&#8243; _module_preset=&#8221;default&#8221; global_colors_info=&#8221;{}&#8221;]<\/p>\n<h3><span style=\"color: #ffffff\">Our principals<\/span><\/h3>\n<p>[\/et_pb_text][et_pb_image src=&#8221;http:\/\/wordpress.invajo.com\/akademikonferens\/wp-content\/uploads\/sites\/33\/2023\/04\/Va\u030ara-huvudma\u0308n.png&#8221; title_text=&#8221;Va\u030ara huvudma\u0308n&#8221; align_tablet=&#8221;center&#8221; align_phone=&#8221;&#8221; align_last_edited=&#8221;on|phone&#8221; _builder_version=&#8221;4.19.5&#8243; _module_preset=&#8221;default&#8221; global_colors_info=&#8221;{}&#8221;][\/et_pb_image][\/et_pb_column][et_pb_column type=&#8221;1_4&#8243; _builder_version=&#8221;4.19.5&#8243; _module_preset=&#8221;default&#8221; global_colors_info=&#8221;{}&#8221;][et_pb_text _builder_version=&#8221;4.19.5&#8243; _module_preset=&#8221;default&#8221; global_colors_info=&#8221;{}&#8221;]<\/p>\n<h2><span style=\"color: #ffffff\">ISO certified<\/span><\/h2>\n<p>[\/et_pb_text][et_pb_image src=&#8221;http:\/\/wordpress.invajo.com\/akademikonferens\/wp-content\/uploads\/sites\/33\/2023\/05\/ISO.webp&#8221; title_text=&#8221;ISO&#8221; _builder_version=&#8221;4.19.5&#8243; _module_preset=&#8221;default&#8221; width=&#8221;40%&#8221; global_colors_info=&#8221;{}&#8221;][\/et_pb_image][\/et_pb_column][et_pb_column type=&#8221;1_4&#8243; _builder_version=&#8221;4.19.5&#8243; _module_preset=&#8221;default&#8221; global_colors_info=&#8221;{}&#8221;][et_pb_text admin_label=&#8221;Kontakt&#8221; _builder_version=&#8221;4.19.5&#8243; _module_preset=&#8221;default&#8221; global_colors_info=&#8221;{}&#8221;]<\/p>\n<h3><span style=\"color: #ffffff\">Contact<\/span><\/h3>\n<p>[\/et_pb_text][et_pb_text _builder_version=&#8221;4.19.5&#8243; _module_preset=&#8221;default&#8221; global_colors_info=&#8221;{}&#8221;]<\/p>\n<p><span style=\"color: #ffffff\">Tel: +46 18 67 10 03<\/span><\/p>\n<p><span style=\"color: #ffffff\">E-post: info@akademikonferens.se<\/span><\/p>\n<p>[\/et_pb_text][\/et_pb_column][\/et_pb_row][\/et_pb_section][et_pb_section fb_built=&#8221;1&#8243; fullwidth=&#8221;on&#8221; admin_label=&#8221;Footer 2 l\u00e4ngst ner&#8221; _builder_version=&#8221;4.19.5&#8243; _module_preset=&#8221;default&#8221; background_color=&#8221;#163352&#8243; max_height=&#8221;100px&#8221; global_module=&#8221;25&#8243; saved_tabs=&#8221;all&#8221; global_colors_info=&#8221;{}&#8221;][et_pb_fullwidth_code admin_label=&#8221;AK &#8211; Universitet i samverkan&#8221; _builder_version=&#8221;4.19.5&#8243; _module_preset=&#8221;default&#8221; global_colors_info=&#8221;{}&#8221;]<!-- [et_pb_line_break_holder] --><pee style=\"text-align: center\"><span style=\"color: #ffffff\">Akademikonferens &#8211; Universitet i samverkan: Karolinska Institutet, SLU, Stockholms universitet och Uppsala universitet. <\/span><!-- [et_pb_line_break_holder] --><span style=\"color: #ffffff\">Org. nummer: 202100-2817<\/span><\/pee><!-- [et_pb_line_break_holder] -->[\/et_pb_fullwidth_code][\/et_pb_section]<\/p>","protected":false},"excerpt":{"rendered":"<p>A Aff\u00e4rsplan &amp; varum\u00e4rke\\\\storage-ua.slu.se\\common$\\Kommu\\Akademikonferens\\NyCommon2020\\1. Akademikonferens\\Marknadsf\u00f6ring\\Aff\u00e4rsplan &amp; varum\u00e4rke Akademikonferens grafiska profil &#8211; se Grafisk profil B Bildbank\\\\storage-ua.slu.se\\common$\\Kommu\\Akademikonferens\\NyCommon2020\\1. Akademikonferens\\Marknadsf\u00f6ring\\Bildbank C D E F G Grafisk profil &#8211; logga, typsnitt mm\\\\storage-ua.slu.se\\common$\\Kommu\\Akademikonferens\\NyCommon2020\\1. Akademikonferens\\Marknadsf\u00f6ring\\AK Grafisk profil 2023 H I J K L M N O P Q R S T U V X Y Z \u00c5 \u00c4 \u00d6V\u00e5ra huvudm\u00e4nISO-certifieradeKontaktTel: +46 [&hellip;]<\/p>","protected":false},"author":19,"featured_media":0,"parent":0,"menu_order":0,"comment_status":"closed","ping_status":"closed","template":"","meta":{"_et_pb_use_builder":"on","_et_pb_old_content":"","_et_gb_content_width":"","footnotes":""},"class_list":["post-551","page","type-page","status-publish","hentry"],"_links":{"self":[{"href":"https:\/\/www.akademikonferens.se\/en\/wp-json\/wp\/v2\/pages\/551","targetHints":{"allow":["GET"]}}],"collection":[{"href":"https:\/\/www.akademikonferens.se\/en\/wp-json\/wp\/v2\/pages"}],"about":[{"href":"https:\/\/www.akademikonferens.se\/en\/wp-json\/wp\/v2\/types\/page"}],"author":[{"embeddable":true,"href":"https:\/\/www.akademikonferens.se\/en\/wp-json\/wp\/v2\/users\/19"}],"replies":[{"embeddable":true,"href":"https:\/\/www.akademikonferens.se\/en\/wp-json\/wp\/v2\/comments?post=551"}],"version-history":[{"count":3,"href":"https:\/\/www.akademikonferens.se\/en\/wp-json\/wp\/v2\/pages\/551\/revisions"}],"predecessor-version":[{"id":555,"href":"https:\/\/www.akademikonferens.se\/en\/wp-json\/wp\/v2\/pages\/551\/revisions\/555"}],"wp:attachment":[{"href":"https:\/\/www.akademikonferens.se\/en\/wp-json\/wp\/v2\/media?parent=551"}],"curies":[{"name":"wp","href":"https:\/\/api.w.org\/{rel}","templated":true}]}}