{"id":967,"date":"2024-03-14T10:06:19","date_gmt":"2024-03-14T10:06:19","guid":{"rendered":"https:\/\/www.akademikonferens.se\/?page_id=967"},"modified":"2025-05-05T11:04:34","modified_gmt":"2025-05-05T11:04:34","slug":"nordiska-ogondagarna-2025","status":"publish","type":"page","link":"https:\/\/www.akademikonferens.se\/en\/nordiska-ogondagarna-2025\/","title":{"rendered":"Nordiska \u00d6gondagarna 2025"},"content":{"rendered":"<p>[et_pb_section fb_built=&#8221;1&#8243; fullwidth=&#8221;on&#8221; _builder_version=&#8221;4.19.5&#8243; _module_preset=&#8221;default&#8221; global_colors_info=&#8221;{}&#8221;][et_pb_fullwidth_image src=&#8221;http:\/\/wordpress.invajo.com\/akademikonferens\/wp-content\/uploads\/sites\/33\/2023\/05\/AK_landn_04d_2000x500.jpg&#8221; title_text=&#8221;AK_landn_04d_2000x500&#8243; _builder_version=&#8221;4.19.5&#8243; _module_preset=&#8221;default&#8221; global_colors_info=&#8221;{}&#8221;][\/et_pb_fullwidth_image][\/et_pb_section][et_pb_section fb_built=&#8221;1&#8243; admin_label=&#8221;Inneh\u00e5l&#8221; _builder_version=&#8221;4.19.5&#8243; _module_preset=&#8221;default&#8221; global_colors_info=&#8221;{}&#8221;][et_pb_row column_structure=&#8221;3_5,2_5&#8243; _builder_version=&#8221;4.24.0&#8243; _module_preset=&#8221;default&#8221; width=&#8221;81.4%&#8221; custom_margin=&#8221;|auto||243px||&#8221; global_colors_info=&#8221;{}&#8221;][et_pb_column type=&#8221;3_5&#8243; _builder_version=&#8221;4.19.5&#8243; _module_preset=&#8221;default&#8221; global_colors_info=&#8221;{}&#8221;][et_pb_text _builder_version=&#8221;4.26.0&#8243; _module_preset=&#8221;default&#8221; hover_enabled=&#8221;0&#8243; global_colors_info=&#8221;{}&#8221; sticky_enabled=&#8221;0&#8243;]<\/p>\n<header>\n<h1 class=\"border-title\">Nordiska \u00d6gondagarna 2025<\/h1>\n<p>&nbsp;<\/p>\n<p>Varmt v\u00e4lkommen till Riksf\u00f6reningen f\u00f6r \u00f6gonsjukv\u00e5rds konferens \u201d\u00d6gondagarna 2025\u201d. Konferensen \u00e4ger rum p\u00e5 Elite Hotel Marina Tower i Nacka den 12-14 maj 2025. Minglet 12 maj kommer i \u00e5r att h\u00e5llas p\u00e5 anl\u00e4ggningen.<\/p>\n<p>Utst\u00e4llningsomr\u00e5det \u00e4r placerad en trappa upp fr\u00e5n sj\u00e4lva f\u00f6rel\u00e4sningssalen men samtliga pauser kommer att ske i utst\u00e4llningsomr\u00e5det.<\/p>\n<p>Konferensen webbsida:<u><br \/><\/u><a href=\"https:\/\/swenurse.se\/sektionerochnatverk\/riksforeningenforogonsjukvard\/nyheter\/nyheter\/ogondagar2025.5.17707332193ded177e1e8763.html\" target=\"_blank\" rel=\"noopener\">Riksf\u00f6reningen f\u00f6r \u00f6gonsjukv\u00e5rd (swenurse.se)<\/a><\/p>\n<p>&nbsp;<\/p>\n<h2>Anl\u00e4ggning<\/h2>\n<p><strong>Elite Hotel Marina Tower<\/strong><br \/><span>Saltsj\u00f6qvarns kaj 25<\/span><br \/>131 71 Nacka<\/p>\n<p>Webbsida:\u00a0<a href=\"https:\/\/www.elite.se\/hotell\/stockholm\/elite-hotel-marina-tower-stockholm\/\" target=\"_blank\" rel=\"noopener\">www.elite.se<\/a><\/p>\n<p>&nbsp;<\/p>\n<h2>Utst\u00e4llningstider<\/h2>\n<p><strong>M\u00e5ndag 12 maj<\/strong><br \/>17.00 Registrering<br \/>18.00 F\u00f6rel\u00e4sning i samarbete med l\u00e4kemedelsindustrin<br \/>19.00 Mingel i utst\u00e4llningen<\/p>\n<p><strong>Tisdag 13 maj<\/strong><br \/>08.15 &#8211; 16.30<\/p>\n<p><strong>Onsdag 14 maj<\/strong><br \/>08.15 &#8211; 15.45<\/p>\n<h2><strong><\/strong><\/h2>\n<h2><strong><\/strong><\/h2>\n<h2>H\u00e5lltider<strong><br \/><\/strong><\/h2>\n<p><strong>Inflyttning:<\/strong><br \/>M\u00e5ndag 12 maj, 13.00 &#8211; 17.00<\/p>\n<p><strong>Utflyttning:<\/strong><br \/>Onsdag 14 maj, 16.00 &#8211; 19.00<br \/>(Gods ska senast g\u00e5 iv\u00e4g 17.00 men kan st\u00e4llas ut p\u00e5 lastkaj f\u00f6r h\u00e4mtning senare. Se info nedan)<\/p>\n<p>&nbsp;<\/p>\n<h2><strong><\/strong><\/h2>\n<h2><strong><\/strong><\/h2>\n<h2>Program<\/h2>\n<p>F\u00f6lj l\u00e4nken f\u00f6r att ladda ner programmet: <a href=\"https:\/\/www.akademikonferens.se\/wp-content\/uploads\/sites\/33\/2025\/04\/20250319Ogondagar_program.pdf\" target=\"_blank\" rel=\"noopener\">\u00d6gondagarna 2025 Prelimin\u00e4rt program.pdf<\/a><\/p>\n<p>&nbsp;<\/p>\n<h2><strong><\/strong><\/h2>\n<h2><strong><\/strong><\/h2>\n<h2>Utst\u00e4llningsplatser<\/h2>\n<p><strong>(Uppdateras kontinuerligt)<\/strong><\/p>\n<p>1-2. <span>Th\u00e9a Nordic AB<\/span><br \/>3. Karolinska Institutet<br \/>4-8. <span>Topcon Scandinavia<\/span><br \/>9. <span>Rini Ergoteknik AB<\/span><span><br \/>10. Preisler Instrument AB<\/span><span style=\"font-size: 15px\"><br \/><\/span><span style=\"font-size: 15px\">11. Lumibird Medical Nordics<br \/>12-14. Bausch &amp; Lomb Nordic<br \/>15. CODAN Triplus AB<br \/>16-20. Roche AB<br \/>21-22. Santen Sweden<br \/>23-24. Bayer AB<br \/>25-26. Medicolle AB<br \/>27-28. Medilens Nordic<br \/>29. Triolab AB<br \/>30. Horus-Pharma Nordic AB<br \/>31. CONSOL AB<br \/>32. \u00c5rgus Medicinteknik AB<br \/>33. Carl Zeiss AB<br \/>35-36. Innz Medical AB<br \/>37. Alcon A\/S<br \/>38. Amgen AB<br \/>40. Ursapharm Nordic AB<\/span><\/p>\n<p>Lediga platser: 34 och 39<\/p>\n<p><strong><\/strong><\/p>\n<p>F\u00f6lj l\u00e4nken f\u00f6r att ladda ner skissen \u00f6ver utst\u00e4llningsomr\u00e5det:<a href=\"https:\/\/www.akademikonferens.se\/wp-content\/uploads\/sites\/33\/2025\/05\/Ogondagarna-2025-Karta-utstallare.png\" target=\"_blank\" rel=\"noopener\"> \u00d6gondagarna 2025 utst\u00e4llning<\/a> (PNG)<\/p>\n<p>&nbsp;<\/p>\n<h2>Deltagarlista<\/h2>\n<p>H\u00e4r kan du ladda ner en deltagarlista,<span style=\"color: #ff0000\"> <a href=\"https:\/\/beyond.invajo.com\/external-list\/e40743f8-4fb3-4983-88d7-a07cd3f6ed95\" target=\"_blank\" rel=\"noopener\">Nordiska \u00d6gondagarna deltagarlista<\/a><\/span> (anv\u00e4nd ikonen uppe till h\u00f6ger f\u00f6r att exportera till Excel)<\/p>\n<p>&nbsp;<\/p>\n<h2><strong><\/strong><\/h2>\n<p><strong><\/strong><\/p>\n<h2><strong><\/strong><\/h2>\n<h2><strong>Praktisk information<\/strong><\/h2>\n<h3><strong><\/strong><\/h3>\n<h3>Best\u00e4llningar till montern<\/h3>\n<p>I den best\u00e4llda montern ing\u00e5r endast golvytan. Elanslutning, bord, stolar, TV-sk\u00e4rm, osv. best\u00e4lls via:<br \/>City Expo AB<br \/>Webbsida: <a href=\"https:\/\/cityexpo.se\/OGON2025\/\" target=\"_blank\" rel=\"noopener\">https:\/\/cityexpo.se\/OGON2025\/<\/a><br \/>Kontakt: Kostas Grintzos<br \/>Tel. <span>+46 8 764 46 44<\/span><br \/>E-mail <a href=\"mailto:kostas@cityexpo.se\">kostas@cityexpo.se<\/a><br \/>Best\u00e4llningarna ska vara gjorda <strong>senast den 28 april.<\/strong><\/p>\n<p><strong><\/strong><\/p>\n<h3><strong><\/strong><\/h3>\n<h3><strong><\/strong><\/h3>\n<h3>Monterbyggnation<\/h3>\n<p>Maxh\u00f6jden f\u00f6r monter \u00e4r 2,5 meter. Denna h\u00f6jd f\u00e5r ej \u00f6verskridas.<\/p>\n<p>Utst\u00e4llare f\u00e5r under inga omst\u00e4ndigheter f\u00e4sta (spika, tejpa, limma, h\u00e4nga etc.) skyltar, belysning eller annan utrustning i golv, v\u00e4ggar, tak eller \u00f6vriga installationer.<\/p>\n<p>Material som anv\u00e4nds av utst\u00e4llaren ska vara Brandgodk\u00e4nt f\u00f6r anv\u00e4ndning p\u00e5 m\u00e4ssor och offentliga lokaler.<\/p>\n<p>&nbsp;<\/p>\n<h3><strong><\/strong><\/h3>\n<h3><strong><\/strong><\/h3>\n<h3>F\u00f6rs\u00e4kring och l\u00e4mnat gods<\/h3>\n<p>Varje utst\u00e4llare ansvarar f\u00f6r att teckna en giltig f\u00f6rs\u00e4kring som t\u00e4cker personskador samt skador eller f\u00f6rlust av material. L\u00e4mna inga v\u00e4rdesaker i montern. Omr\u00e5det \u00e4r inte bevakat.<\/p>\n<p>Varken Riksf\u00f6reningen f\u00f6r \u00f6gonsjukv\u00e5rd, Akademikonferens, City Expo AB eller Elite Marina Tower ansvarar f\u00f6r att kvarl\u00e4mnat material avh\u00e4mtas.<\/p>\n<p>&nbsp;<\/p>\n<h2><strong><\/strong><\/h2>\n<h2><strong><\/strong><\/h2>\n<h1>Godstransport<\/h1>\n<p>Leverans till Elite Hotel Marina Tower p\u00e5 m\u00e5ndagen 12 maj 2025, fr\u00e5n kl. 07.00<\/p>\n<p>&nbsp;<\/p>\n<\/header>\n<p>Mindre paket kan skickas till:<br \/>Elite Hotel Marina Tower<br \/>Att: Konferensreceptionen<br \/>Saltsj\u00f6qvarns kaj 25<br \/>131 70 Stockholm<br \/>Tel: 08-55901746<\/p>\n<p>St\u00f6rre paket\/pallar som \u00e4r i behov att lastas av via lastkaj skickas till:<br \/>Elite Hotel Marina Tower Lastkaj\/Varuintag<br \/>Att: Konferensreceptionen<br \/>Saltsj\u00f6qvarns Tunnelgata<br \/>131 70 Stockholm<br \/>Tel: 08-55570200OBS! M\u00e4rk f\u00f6rs\u00e4ndelsen med Nordiska \u00d6gondagarna 2025 och F\u00f6retagets namn med kontaktperson och mobilnummer<\/p>\n<p>Elite Marina Tower kommer inte att ta emot gods f\u00f6re den 12 maj 2025.Det finns n\u00e5gra stycken p-platser f\u00f6r avlastning och upph\u00e4mtning utanf\u00f6r huvudentr\u00e9n p\u00e5 Saltsj\u00f6qvarns Kaj 25.<\/p>\n<p>Under inflyttningen kan mindre gods\/paket tas in genom huvudentr\u00e9n och med hiss upp till plan 2 d\u00e4r m\u00e4ssan kommer att vara.<\/p>\n<p>&nbsp;<\/p>\n<h2>H\u00e4mtning<\/h2>\n<p>Utst\u00e4llarna ordnar sj\u00e4lva leveranstransporten tillbaka. Notera att allt gods ska vara avh\u00e4mtat fr\u00e5n m\u00e4sslokalen p\u00e5 Elite Marina Tower senast kl.17.00 p\u00e5 onsdagen 14 maj 2025. Efter kl. 17.00 kommer det gods som \u00e4r kvar st\u00e4llas f\u00f6r upph\u00e4mtning p\u00e5 hotellets lastkaj\/varuintag. Observera att hotellet inte kan hj\u00e4lpa till med att boka transporter och ordna med leveranser och tar inte ansvar f\u00f6r gods som l\u00e4mnats kvar p\u00e5 hotellet efter kl. 17.00 den 14 maj 2025.<\/p>\n<p>&nbsp;<\/p>\n<h2>Tomgods<\/h2>\n<p>Vi har bokat en f\u00f6rr\u00e5dslokal, \u00e5t utst\u00e4llarna med enbart sm\u00e5 paket.<br \/>F\u00f6r monterbyggare m\u00e5ste all tomgods vara borttransporterad under utst\u00e4llningstiden. Hotellet ansvarar inte f\u00f6r detta.<strong><\/strong><\/p>\n<header>\n<p>&nbsp;<\/p>\n<p>&nbsp;<\/p>\n<p>&nbsp;<\/p>\n<p>&nbsp;<\/p>\n<p>&nbsp;<\/p>\n<p>&nbsp;<\/p>\n<p>&nbsp;<\/p>\n<p>&nbsp;<\/p>\n<h2><strong><\/strong><\/h2>\n<h2>Utst\u00e4llarrepresentanter<\/h2>\n<p>Anm\u00e4lan av fria platser samt f\u00f6r anm\u00e4lan av extra utst\u00e4llarrepresentanter g\u00f6rs h\u00e4r: <a href=\"https:\/\/registration.invajo.com\/fb742beb-891c-4661-9f77-b76b878d18a1\" target=\"_blank\" rel=\"noopener\">https:\/\/registration.invajo.com\/fb742beb-891c-4661-9f77-b76b878d18a1<\/a><\/p>\n<p>Om ni har bokat:<br \/>4-8 kvm &#8211; kan ni anm\u00e4la 1 fri representant<br \/>12-16 kvm &#8211; kan ni anm\u00e4la 2 fria representanter<br \/>20 kvm &#8211;\u00a0kan ni anm\u00e4la 3 fria representanter<\/p>\n<p>Vid anm\u00e4lan av utst\u00e4llarrepresentant bokas \u00e4ven deltagande i m\u00e5ltider inklusive mottagning som ing\u00e5r i avgiften, och konferensmiddag den 13 maj.<\/p>\n<p>Extra utst\u00e4llarrepresentant har en rabatterad deltagaravgift p\u00e5 3 500 kr exkl. moms.<\/p>\n<p>Deltagande i konferensmiddag den 13 maj kostar 1200 kr exkl. moms per person.<\/p>\n<h2><strong><\/strong><\/h2>\n<h2><strong><\/strong><\/h2>\n<h2>Avgifter<\/h2>\n<p>Den totala ytan f\u00f6r utst\u00e4llningsplatsen kan vara mellan minst 4 och max 20 kvadratmeter.<br \/>Avgiften inkluderar endast golvyta. All annan utrustning och m\u00f6blering medtas av er sj\u00e4lva, eller best\u00e4lls fr\u00e5n v\u00e5r partner, City Expo AB.<br \/>F\u00f6ljande utst\u00e4llningspaket erbjuds (priser nedan \u00e4r i svenska kronor exkl. moms):<\/p>\n<table width=\"0\">\n<tbody>\n<tr>\n<td>4 kvm inkl. 1 person som f\u00e5r lunch, kaffe och v\u00e4lkomstmingel &#8211; 20 000 kr<\/td>\n<\/tr>\n<tr>\n<td>8 kvm inkl. 1 person som f\u00e5r lunch, kaffe och v\u00e4lkomstmingel &#8211; 40 000 kr<\/td>\n<\/tr>\n<tr>\n<td>12 kvm inkl. 2 personer som f\u00e5r lunch, kaffe och v\u00e4lkomstmingel \u2013 60 000 kr<\/td>\n<\/tr>\n<tr>\n<td>16 kvm inkl. 2 personer som f\u00e5r lunch, kaffe och v\u00e4lkomstmingel \u2013 80 000 kr<\/td>\n<\/tr>\n<tr>\n<td>20 kvm inkl. 3 person som f\u00e5r lunch, kaffe och v\u00e4lkomstmingel \u2013 100 000 kr<\/td>\n<\/tr>\n<\/tbody>\n<\/table>\n<p><strong>\u00a0<\/strong><\/p>\n<h2>Bokningsvillkor<\/h2>\n<p>Avgiften betalas mot faktura eller kort.<br \/>Fakturan har 30 dagars betaltid fr\u00e5n faktureringstillf\u00e4llet. Sker inte betalning i tid kommer vald utst\u00e4llningsplatsen att st\u00e4llas till f\u00f6rfogande f\u00f6r andra f\u00f6retag.<\/p>\n<p>&nbsp;<\/p>\n<h2>Avbokningsvillkor<\/h2>\n<p>Vid avbokning fram till och med den<strong> 7 april 2025<\/strong>\u00a0\u00e5terbetalas avgiften minus 30 % i avbokningsavgift.<br \/>Efter detta datum kan tyv\u00e4rr ingen \u00e5terbetalning ske.<\/p>\n<h2><strong><\/strong><\/h2>\n<h2><strong><\/strong><\/h2>\n<h2>Conference secretariat<\/h2>\n<p>Akademikonferens \u2013 universitet i samverkan: Karolinska Institutet, SLU, Stockholms universitet och Uppsala universitet<br \/>Tel: 018 67 10 03 eller 018 67 20 59<br \/>E-mail <a href=\"mailto:ogondagarna@akademikonferens.se\" target=\"_blank\" rel=\"noopener\">ogondagarna@akademikonferens.se<\/a><\/p>\n<h2><strong><\/strong><\/h2>\n<h2><strong><\/strong><\/h2>\n<h2>Monterm\u00f6blering och leveransfr\u00e5gor<\/h2>\n<p>City Expo AB<br \/>Webbsida: <a href=\"https:\/\/cityexpo.se\/OGON2025\/\" target=\"_blank\" rel=\"noopener\">https:\/\/cityexpo.se\/OGON2025\/<\/a><br \/>Kontakt: Kostas Grintzos<br \/>Tel. <span>+46 8 764 46 44<\/span><br \/>E-mail <a href=\"mailto:kostas@cityexpo.se\">kostas@cityexpo.se<\/a><br \/>Best\u00e4llningarna ska vara gjorda <strong>senast den 28 april.<\/strong><\/p>\n<p>&nbsp;<\/p>\n<p><strong>\u00a0<\/strong><\/p>\n<div class=\"publish-info\"><\/div>\n<\/header>\n<div class=\"main-body clearfix\">\n<div class=\"xhtmlstring\">\n<p>&nbsp;<\/p>\n<\/div>\n<\/div>\n<p>[\/et_pb_text][\/et_pb_column][et_pb_column type=&#8221;2_5&#8243; _builder_version=&#8221;4.19.5&#8243; _module_preset=&#8221;default&#8221; global_colors_info=&#8221;{}&#8221;][et_pb_image src=&#8221;http:\/\/wordpress.invajo.com\/akademikonferens\/wp-content\/uploads\/sites\/33\/2023\/05\/lunch.png&#8221; title_text=&#8221;lunch&#8221; _builder_version=&#8221;4.19.5&#8243; _module_preset=&#8221;default&#8221; global_colors_info=&#8221;{}&#8221;][\/et_pb_image][\/et_pb_column][\/et_pb_row][et_pb_row column_structure=&#8221;2_5,3_5&#8243; _builder_version=&#8221;4.24.0&#8243; _module_preset=&#8221;default&#8221; global_colors_info=&#8221;{}&#8221;][et_pb_column type=&#8221;2_5&#8243; _builder_version=&#8221;4.24.0&#8243; _module_preset=&#8221;default&#8221; global_colors_info=&#8221;{}&#8221;][et_pb_image src=&#8221;https:\/\/www.akademikonferens.se\/wp-content\/uploads\/sites\/33\/2024\/03\/rfogon-logo.jpg&#8221; alt=&#8221;Logga&#8221; title_text=&#8221;rfogon-logo&#8221; _builder_version=&#8221;4.24.0&#8243; _module_preset=&#8221;default&#8221; global_colors_info=&#8221;{}&#8221;][\/et_pb_image][\/et_pb_column][et_pb_column type=&#8221;3_5&#8243; _builder_version=&#8221;4.24.0&#8243; _module_preset=&#8221;default&#8221; global_colors_info=&#8221;{}&#8221;][\/et_pb_column][\/et_pb_row][\/et_pb_section][et_pb_section fb_built=&#8221;1&#8243; admin_label=&#8221;Footer&#8221; _builder_version=&#8221;4.24.0&#8243; _module_preset=&#8221;default&#8221; background_color=&#8221;#163352&#8243; custom_margin=&#8221;||||false|false&#8221; global_module=&#8221;24&#8243; saved_tabs=&#8221;all&#8221; global_colors_info=&#8221;{}&#8221;][et_pb_row column_structure=&#8221;1_4,1_4,1_4,1_4&#8243; admin_label=&#8221;Inneh\u00e5ll i footern&#8221; _builder_version=&#8221;4.19.5&#8243; _module_preset=&#8221;default&#8221; global_colors_info=&#8221;{}&#8221;][et_pb_column type=&#8221;1_4&#8243; _builder_version=&#8221;4.19.5&#8243; _module_preset=&#8221;default&#8221; global_colors_info=&#8221;{}&#8221;][et_pb_image src=&#8221;http:\/\/wordpress.invajo.com\/akademikonferens\/wp-content\/uploads\/sites\/33\/2023\/05\/AK-logga-1.png&#8221; alt=&#8221;AK&#8221; title_text=&#8221;AK-logga&#8221; align_tablet=&#8221;&#8221; align_phone=&#8221;center&#8221; align_last_edited=&#8221;on|phone&#8221; _builder_version=&#8221;4.19.5&#8243; _module_preset=&#8221;default&#8221; max_height=&#8221;220px&#8221; border_radii=&#8221;on|5px|5px|5px|5px&#8221; global_colors_info=&#8221;{}&#8221;][\/et_pb_image][\/et_pb_column][et_pb_column type=&#8221;1_4&#8243; _builder_version=&#8221;4.19.5&#8243; _module_preset=&#8221;default&#8221; global_colors_info=&#8221;{}&#8221;][et_pb_text admin_label=&#8221;V\u00e5ra huvudm\u00e4n&#8221; _builder_version=&#8221;4.19.5&#8243; _module_preset=&#8221;default&#8221; global_colors_info=&#8221;{}&#8221;]<\/p>\n<h3><span style=\"color: #ffffff\">Our principals<\/span><\/h3>\n<p>[\/et_pb_text][et_pb_image src=&#8221;http:\/\/wordpress.invajo.com\/akademikonferens\/wp-content\/uploads\/sites\/33\/2023\/04\/Va\u030ara-huvudma\u0308n.png&#8221; title_text=&#8221;Va\u030ara huvudma\u0308n&#8221; align_tablet=&#8221;center&#8221; align_phone=&#8221;&#8221; align_last_edited=&#8221;on|phone&#8221; _builder_version=&#8221;4.19.5&#8243; _module_preset=&#8221;default&#8221; custom_margin=&#8221;|20px|||false|false&#8221; global_colors_info=&#8221;{}&#8221;][\/et_pb_image][\/et_pb_column][et_pb_column type=&#8221;1_4&#8243; _builder_version=&#8221;4.19.5&#8243; _module_preset=&#8221;default&#8221; global_colors_info=&#8221;{}&#8221;][et_pb_text _builder_version=&#8221;4.19.5&#8243; _module_preset=&#8221;default&#8221; global_colors_info=&#8221;{}&#8221;]<\/p>\n<h3><span style=\"color: #ffffff\">ISO certified<\/span><\/h3>\n<p>[\/et_pb_text][et_pb_image src=&#8221;http:\/\/wordpress.invajo.com\/akademikonferens\/wp-content\/uploads\/sites\/33\/2023\/05\/ISO.webp&#8221; title_text=&#8221;ISO&#8221; _builder_version=&#8221;4.19.5&#8243; _module_preset=&#8221;default&#8221; width=&#8221;40%&#8221; custom_margin=&#8221;|||20px|false|false&#8221; global_colors_info=&#8221;{}&#8221;][\/et_pb_image][\/et_pb_column][et_pb_column type=&#8221;1_4&#8243; _builder_version=&#8221;4.19.5&#8243; _module_preset=&#8221;default&#8221; global_colors_info=&#8221;{}&#8221;][et_pb_text admin_label=&#8221;Kontakt&#8221; _builder_version=&#8221;4.19.5&#8243; _module_preset=&#8221;default&#8221; global_colors_info=&#8221;{}&#8221;]<\/p>\n<h3><span style=\"color: #ffffff\">Contact<\/span><\/h3>\n<p>[\/et_pb_text][et_pb_text _builder_version=&#8221;4.19.5&#8243; _module_preset=&#8221;default&#8221; min_height=&#8221;75.2px&#8221; custom_margin=&#8221;||-24px|||&#8221; global_colors_info=&#8221;{}&#8221;]<\/p>\n<p><span style=\"color: #ffffff\">Tel: +46 18 67 10 03<\/span><\/p>\n<p><span style=\"color: #ffffff\">E-mail <a href=\"mailto:info@akademikonferens.se\">info@akademikonferens.se<\/a><\/span><\/p>\n<p>&nbsp;<\/p>\n<p>[\/et_pb_text][et_pb_social_media_follow _builder_version=&#8221;4.21.0&#8243; _module_preset=&#8221;default&#8221; global_colors_info=&#8221;{}&#8221;][et_pb_social_media_follow_network social_network=&#8221;linkedin&#8221; url=&#8221;https:\/\/www.linkedin.com\/company\/akademikonferens\/&#8221; _builder_version=&#8221;4.19.5&#8243; _module_preset=&#8221;default&#8221; background_color=&#8221;#007bb6&#8243; global_colors_info=&#8221;{}&#8221; follow_button=&#8221;off&#8221; url_new_window=&#8221;on&#8221;]linkedin[\/et_pb_social_media_follow_network][\/et_pb_social_media_follow][\/et_pb_column][\/et_pb_row][\/et_pb_section][et_pb_section fb_built=&#8221;1&#8243; fullwidth=&#8221;on&#8221; admin_label=&#8221;Footer 2 l\u00e4ngst ner&#8221; _builder_version=&#8221;4.24.0&#8243; _module_preset=&#8221;default&#8221; background_color=&#8221;#163352&#8243; max_height=&#8221;100px&#8221; global_module=&#8221;25&#8243; saved_tabs=&#8221;all&#8221; global_colors_info=&#8221;{}&#8221;][et_pb_fullwidth_code admin_label=&#8221;AK &#8211; Universitet i samverkan&#8221; _builder_version=&#8221;4.24.0&#8243; _module_preset=&#8221;default&#8221; global_colors_info=&#8221;{}&#8221;]<!-- [et_pb_line_break_holder] --><pee style=\"text-align: center\"><span style=\"color: #ffffff\">Akademikonferens &#8211; Universitet i samverkan: Karolinska Institutet, SLU, Stockholms universitet och Uppsala universitet. <\/span><!-- [et_pb_line_break_holder] --><span style=\"color: #ffffff\">Org. nummer: 202100-2817<\/span><\/pee><pee style=\"text-align: center\"><span style=\"color: #ffffff\"><a href=\"https:\/\/www.akademikonferens.se\/en\/akademikonferens-integritetspolicy\/\">Privacy Policy<\/a> <a href=\"https:\/\/www.akademikonferens.se\/en\/om-webbplatsen\/\">About this website<\/a><\/span><\/pee><!-- [et_pb_line_break_holder] --><!-- [et_pb_line_break_holder] -->[\/et_pb_fullwidth_code][\/et_pb_section]<\/p>","protected":false},"excerpt":{"rendered":"<p>Nordiska \u00d6gondagarna 2025 &nbsp; Varmt v\u00e4lkommen till Riksf\u00f6reningen f\u00f6r \u00f6gonsjukv\u00e5rds konferens \u201d\u00d6gondagarna 2025\u201d. Konferensen \u00e4ger rum p\u00e5 Elite Hotel Marina Tower i Nacka den 12-14 maj 2025. Minglet 12 maj kommer i \u00e5r att h\u00e5llas p\u00e5 anl\u00e4ggningen. Utst\u00e4llningsomr\u00e5det \u00e4r placerad en trappa upp fr\u00e5n sj\u00e4lva f\u00f6rel\u00e4sningssalen men samtliga pauser kommer att ske i utst\u00e4llningsomr\u00e5det. Konferensen [&hellip;]<\/p>","protected":false},"author":19,"featured_media":0,"parent":0,"menu_order":0,"comment_status":"closed","ping_status":"closed","template":"","meta":{"_et_pb_use_builder":"on","_et_pb_old_content":"","_et_gb_content_width":"","footnotes":""},"class_list":["post-967","page","type-page","status-publish","hentry"],"_links":{"self":[{"href":"https:\/\/www.akademikonferens.se\/en\/wp-json\/wp\/v2\/pages\/967","targetHints":{"allow":["GET"]}}],"collection":[{"href":"https:\/\/www.akademikonferens.se\/en\/wp-json\/wp\/v2\/pages"}],"about":[{"href":"https:\/\/www.akademikonferens.se\/en\/wp-json\/wp\/v2\/types\/page"}],"author":[{"embeddable":true,"href":"https:\/\/www.akademikonferens.se\/en\/wp-json\/wp\/v2\/users\/19"}],"replies":[{"embeddable":true,"href":"https:\/\/www.akademikonferens.se\/en\/wp-json\/wp\/v2\/comments?post=967"}],"version-history":[{"count":40,"href":"https:\/\/www.akademikonferens.se\/en\/wp-json\/wp\/v2\/pages\/967\/revisions"}],"predecessor-version":[{"id":1510,"href":"https:\/\/www.akademikonferens.se\/en\/wp-json\/wp\/v2\/pages\/967\/revisions\/1510"}],"wp:attachment":[{"href":"https:\/\/www.akademikonferens.se\/en\/wp-json\/wp\/v2\/media?parent=967"}],"curies":[{"name":"wp","href":"https:\/\/api.w.org\/{rel}","templated":true}]}}