{"id":988,"date":"2024-03-20T12:00:51","date_gmt":"2024-03-20T12:00:51","guid":{"rendered":"https:\/\/www.akademikonferens.se\/?page_id=988"},"modified":"2024-03-20T12:12:03","modified_gmt":"2024-03-20T12:12:03","slug":"om-webbplatsen","status":"publish","type":"page","link":"https:\/\/www.akademikonferens.se\/en\/om-webbplatsen\/","title":{"rendered":"About this website"},"content":{"rendered":"<p>[et_pb_section fb_built=&#8221;1&#8243; fullwidth=&#8221;on&#8221; _builder_version=&#8221;4.19.5&#8243; _module_preset=&#8221;default&#8221; global_colors_info=&#8221;{}&#8221;][\/et_pb_section][et_pb_section fb_built=&#8221;1&#8243; admin_label=&#8221;Inneh\u00e5l&#8221; _builder_version=&#8221;4.19.5&#8243; _module_preset=&#8221;default&#8221; global_colors_info=&#8221;{}&#8221;][et_pb_row admin_label=&#8221;En kolumn&#8221; _builder_version=&#8221;4.19.5&#8243; _module_preset=&#8221;default&#8221; global_colors_info=&#8221;{}&#8221;][et_pb_column type=&#8221;4_4&#8243; _builder_version=&#8221;4.19.5&#8243; _module_preset=&#8221;default&#8221; global_colors_info=&#8221;{}&#8221;][et_pb_text admin_label=&#8221;Huvudinneh\u00e5ll&#8221; _builder_version=&#8221;4.24.0&#8243; _module_preset=&#8221;default&#8221; custom_padding=&#8221;10px|||||&#8221; hover_enabled=&#8221;0&#8243; global_colors_info=&#8221;{}&#8221; sticky_enabled=&#8221;0&#8243;]<\/p>\n<h1>About this website<\/h1>\n<h4>Navigering<\/h4>\n<p>P\u00e5 Akademikonferens hemsida navigerar du med hj\u00e4lp av menyn i sidhuvudet, via knappar och knappar p\u00e5 start- och ing\u00e5ngssidorna eller via l\u00e4nkar i sidfoten. F\u00f6r att flytta mellan webbplatserna, f\u00f6lj l\u00e4nkarna i rubriken.<\/p>\n<h4>Tillg\u00e4nglighetsf\u00f6rklaring<\/h4>\n<p>Vi vill att s\u00e5 m\u00e5nga som m\u00f6jligt ska kunna anv\u00e4nda Akademikonferens webbplatser, oavsett plattform och eventuella hj\u00e4lpmedel. Vi vet dock att det finns tillg\u00e4nglighetsproblem p\u00e5 v\u00e5ra webbplatser. H\u00e4r ber\u00e4ttar vi hur v\u00e5ra webbplatser f\u00f6ljer lagen om tillg\u00e4nglighet till digitala offentliga tj\u00e4nster, k\u00e4nda tillg\u00e4nglighetsproblem och hur du kan anm\u00e4la brister.<\/p>\n<h4>Rapportera brister i webbplatsernas tillg\u00e4nglighet<\/h4>\n<p>Vi str\u00e4var st\u00e4ndigt efter att f\u00f6rb\u00e4ttra webbplatsens tillg\u00e4nglighet. Meddela oss om du uppt\u00e4cker problem som inte beskrivs p\u00e5 denna sida, eller om du anser att vi inte uppfyller lagens krav.\u00a0 H\u00f6r ocks\u00e5 av dig om du beh\u00f6ver inneh\u00e5ll som inte \u00e4r tillg\u00e4ngligt f\u00f6r dig. Vi svarar normalt inom tv\u00e5 arbetsdagar.\u00a0E-post: <a href=\"mailto:info@akademikonferens.se\">info@akademikonferens.se<\/a><\/p>\n<h4>\u00d6vervakning<\/h4>\n<p>Myndigheten f\u00f6r digital f\u00f6rvaltning (DIGG) ansvarar f\u00f6r att \u00f6vervaka efterlevnaden av lagen om tillg\u00e4nglighet till digitala offentliga tj\u00e4nster. Om du inte \u00e4r n\u00f6jd med hur vi hanterar dina synpunkter kan du <a href=\"https:\/\/www.digg.se\/tdosanmalan\">kontakta Myndigheten f\u00f6r digital f\u00f6rvaltning<\/a> och anm\u00e4la det.<\/p>\n<h4>Hur tillg\u00e4ngliga \u00e4r sajterna?<\/h4>\n<p>Akademikonferensens webbplatser f\u00f6ljer delvis lagen om tillg\u00e4nglighet till digitala offentliga tj\u00e4nster.<\/p>\n<p>F\u00f6ljande inneh\u00e5ll p\u00e5 webbplatserna \u00e4r inte tillg\u00e4ngligt:<\/p>\n<ul>\n<li>Vissa \u00e4ldre inneh\u00e5llsb\u00e4rande bilder saknar textalternativ.<\/li>\n<li>Videor och poddar har ingen alternativ presentation av inneh\u00e5llet.<\/li>\n<li>Vissa videor saknar undertexter.<\/li>\n<li>M\u00e5nga videor saknar visuell tolkning.<\/li>\n<li>Vissa l\u00e4nktexter \u00e4r f\u00f6r generella i sitt sammanhang och beskriver inte destinationen f\u00f6r l\u00e4nken tillr\u00e4ckligt detaljerat.<\/li>\n<li>P\u00e5 vissa webbsidor \u00e4r rubrikerna inte hierarkiskt strukturerade p\u00e5 ett korrekt s\u00e4tt .<\/li>\n<li>M\u00e5nga av v\u00e5ra pdf-filer \u00e4r inte tillg\u00e4ngliga.<\/li>\n<li>P\u00e5 Akademikonferens webbplatser finns n\u00e5gra system och tj\u00e4nster som saknar tillg\u00e4nglighet.<\/li>\n<\/ul>\n<h4>Hur vi testade webbplatserna<\/h4>\n<p>Vi har gjort en sj\u00e4lvutv\u00e4rdering (intern testning) av webbplatserna. Den senaste bed\u00f6mningen gjordes den 11 mars 2024<\/p>\n<h4>Ansvar<\/h4>\n<p>Akademikonferens har det \u00f6vergripande ansvaret f\u00f6r webbplatsernas inneh\u00e5ll, struktur och utformning<\/p>\n<h4>Anv\u00e4ndning av cookies (cookies)<\/h4>\n<p>Cookies \u00e4r sm\u00e5 textfiler som lagras i bes\u00f6karens webbl\u00e4sare. P\u00e5 vissa delar av Akademikonferens webbplatser anv\u00e4nds cookies f\u00f6r att ge dig tillg\u00e5ng till extra funktioner. Vi anv\u00e4nder \u00e4ven cookies f\u00f6r att samla in statistik om hur du anv\u00e4nder webbplatserna. Vi lagrar ingen personlig information om dig.<\/p>\n<p>Via v\u00e5r cookiehantering kan du styra vilka cookies du vill godk\u00e4nna p\u00e5 Akademikonferens webbplatser. Du kan ocks\u00e5 g\u00f6ra allm\u00e4nna inst\u00e4llningar i din webbl\u00e4sare. Beroende p\u00e5 dina val och inst\u00e4llningar kan vissa funktioner g\u00e5 f\u00f6rlorade.<\/p>\n<h4>Behandling av personuppgifter<\/h4>\n<p>Akademikonferens behandlar personuppgifter som samlas in via v\u00e5ra webbplatser. Ansvarig f\u00f6r behandlingen av personuppgifter p\u00e5 webbplatserna \u00e4r Akademins konferensintegritets- och dataskyddsfunktion.<\/p>\n<p>Akademikonferens behandlar dina personuppgifter n\u00e4r du till exempel anm\u00e4ler dig till en utbildning, konferens eller annat evenemang arrangerat av Akademikonferens, s\u00f6ker en ledig tj\u00e4nst eller kontaktar Akademikonferens av n\u00e5gon annan anledning. Akademikonferens lagrar informationen f\u00f6r att vid behov kunna administrera och f\u00f6lja upp \u00e4rendet.<\/p>\n<p><a href=\"https:\/\/www.akademikonferens.se\/en\/akademikonferens-integritetspolicy\/\">Behandling av personuppgifter p\u00e5 Akademikonferens<\/a><\/p>\n<h4>Upphovsr\u00e4tt<\/h4>\n<p>Bes\u00f6kare har inte r\u00e4tt att fritt ladda ner och anv\u00e4nda texter eller bilder fr\u00e5n webbplatsen. Den som vill kontakta n\u00e5gon av v\u00e5ra fotografer eller vill k\u00f6pa r\u00e4tten att anv\u00e4nda bilder eller texter fr\u00e5n v\u00e5ra hemsidor kan kontakta <a href=\"mailto:info@akademikonferens.se\">info@akademikonferens.se<\/a><\/p>\n<p>Nyhetstexter och pressmaterial som publiceras p\u00e5 webbplatserna f\u00e5r citeras och f\u00f6rmedlas med angiven k\u00e4lla, men inte anv\u00e4ndas f\u00f6r kommersiella \u00e4ndam\u00e5l utan tillst\u00e5nd, eller p\u00e5 s\u00e4tt som kan skada universitetet. Webbplatsens design f\u00e5r inte heller kopieras och anv\u00e4ndas f\u00f6r andra \u00e4ndam\u00e5l.<\/p>\n<p>Webbplatsen arkiveras kontinuerligt.<\/p>\n<p>&nbsp;<\/p>\n<p>[\/et_pb_text][\/et_pb_column][\/et_pb_row][\/et_pb_section][et_pb_section fb_built=&#8221;1&#8243; admin_label=&#8221;Footer&#8221; _builder_version=&#8221;4.19.5&#8243; _module_preset=&#8221;default&#8221; background_color=&#8221;#163352&#8243; custom_margin=&#8221;||||false|false&#8221; global_module=&#8221;24&#8243; saved_tabs=&#8221;all&#8221; global_colors_info=&#8221;{}&#8221;][et_pb_row column_structure=&#8221;1_4,1_4,1_4,1_4&#8243; admin_label=&#8221;Inneh\u00e5ll i footern&#8221; _builder_version=&#8221;4.19.5&#8243; _module_preset=&#8221;default&#8221; global_colors_info=&#8221;{}&#8221;][et_pb_column type=&#8221;1_4&#8243; _builder_version=&#8221;4.19.5&#8243; _module_preset=&#8221;default&#8221; global_colors_info=&#8221;{}&#8221;][et_pb_image src=&#8221;http:\/\/wordpress.invajo.com\/akademikonferens\/wp-content\/uploads\/sites\/33\/2023\/05\/AK-logga-1.png&#8221; alt=&#8221;AK&#8221; title_text=&#8221;AK-logga&#8221; align_tablet=&#8221;&#8221; align_phone=&#8221;center&#8221; align_last_edited=&#8221;on|phone&#8221; _builder_version=&#8221;4.19.5&#8243; _module_preset=&#8221;default&#8221; max_height=&#8221;220px&#8221; border_radii=&#8221;on|5px|5px|5px|5px&#8221; global_colors_info=&#8221;{}&#8221;][\/et_pb_image][\/et_pb_column][et_pb_column type=&#8221;1_4&#8243; _builder_version=&#8221;4.19.5&#8243; _module_preset=&#8221;default&#8221; global_colors_info=&#8221;{}&#8221;][et_pb_text admin_label=&#8221;V\u00e5ra huvudm\u00e4n&#8221; _builder_version=&#8221;4.19.5&#8243; _module_preset=&#8221;default&#8221; global_colors_info=&#8221;{}&#8221;]<\/p>\n<h3><span style=\"color: #ffffff\">Our principals<\/span><\/h3>\n<p>[\/et_pb_text][et_pb_image src=&#8221;http:\/\/wordpress.invajo.com\/akademikonferens\/wp-content\/uploads\/sites\/33\/2023\/04\/Va\u030ara-huvudma\u0308n.png&#8221; title_text=&#8221;Va\u030ara huvudma\u0308n&#8221; align_tablet=&#8221;center&#8221; align_phone=&#8221;&#8221; align_last_edited=&#8221;on|phone&#8221; _builder_version=&#8221;4.19.5&#8243; _module_preset=&#8221;default&#8221; custom_margin=&#8221;|20px|||false|false&#8221; global_colors_info=&#8221;{}&#8221;][\/et_pb_image][\/et_pb_column][et_pb_column type=&#8221;1_4&#8243; _builder_version=&#8221;4.19.5&#8243; _module_preset=&#8221;default&#8221; global_colors_info=&#8221;{}&#8221;][et_pb_text _builder_version=&#8221;4.19.5&#8243; _module_preset=&#8221;default&#8221; global_colors_info=&#8221;{}&#8221;]<\/p>\n<h3><span style=\"color: #ffffff\">ISO certified<\/span><\/h3>\n<p>[\/et_pb_text][et_pb_image src=&#8221;http:\/\/wordpress.invajo.com\/akademikonferens\/wp-content\/uploads\/sites\/33\/2023\/05\/ISO.webp&#8221; title_text=&#8221;ISO&#8221; _builder_version=&#8221;4.19.5&#8243; _module_preset=&#8221;default&#8221; width=&#8221;40%&#8221; custom_margin=&#8221;|||20px|false|false&#8221; global_colors_info=&#8221;{}&#8221;][\/et_pb_image][\/et_pb_column][et_pb_column type=&#8221;1_4&#8243; _builder_version=&#8221;4.19.5&#8243; _module_preset=&#8221;default&#8221; global_colors_info=&#8221;{}&#8221;][et_pb_text admin_label=&#8221;Kontakt&#8221; _builder_version=&#8221;4.19.5&#8243; _module_preset=&#8221;default&#8221; global_colors_info=&#8221;{}&#8221;]<\/p>\n<h3><span style=\"color: #ffffff\">Contact<\/span><\/h3>\n<p>[\/et_pb_text][et_pb_text _builder_version=&#8221;4.19.5&#8243; _module_preset=&#8221;default&#8221; min_height=&#8221;75.2px&#8221; custom_margin=&#8221;||-24px|||&#8221; global_colors_info=&#8221;{}&#8221;]<\/p>\n<p><span style=\"color: #ffffff\">Tel: +46 18 67 10 03<\/span><\/p>\n<p><span style=\"color: #ffffff\">E-mail <a href=\"mailto:info@akademikonferens.se\">info@akademikonferens.se<\/a><\/span><\/p>\n<p>&nbsp;<\/p>\n<p>[\/et_pb_text][et_pb_social_media_follow _builder_version=&#8221;4.21.0&#8243; _module_preset=&#8221;default&#8221; global_colors_info=&#8221;{}&#8221;][et_pb_social_media_follow_network social_network=&#8221;linkedin&#8221; url=&#8221;https:\/\/www.linkedin.com\/company\/akademikonferens\/&#8221; _builder_version=&#8221;4.19.5&#8243; _module_preset=&#8221;default&#8221; background_color=&#8221;#007bb6&#8243; global_colors_info=&#8221;{}&#8221; follow_button=&#8221;off&#8221; url_new_window=&#8221;on&#8221;]linkedin[\/et_pb_social_media_follow_network][\/et_pb_social_media_follow][\/et_pb_column][\/et_pb_row][\/et_pb_section][et_pb_section fb_built=&#8221;1&#8243; fullwidth=&#8221;on&#8221; admin_label=&#8221;Footer 2 l\u00e4ngst ner&#8221; _builder_version=&#8221;4.19.5&#8243; _module_preset=&#8221;default&#8221; background_color=&#8221;#163352&#8243; max_height=&#8221;100px&#8221; global_module=&#8221;25&#8243; saved_tabs=&#8221;all&#8221; global_colors_info=&#8221;{}&#8221;][et_pb_fullwidth_code admin_label=&#8221;AK &#8211; Universitet i samverkan&#8221; _builder_version=&#8221;4.24.0&#8243; _module_preset=&#8221;default&#8221; global_colors_info=&#8221;{}&#8221;]<!-- [et_pb_line_break_holder] --><pee style=\"text-align: center\"><span style=\"color: #ffffff\">Akademikonferens &#8211; Universitet i samverkan: Karolinska Institutet, SLU, Stockholms universitet och Uppsala universitet. <\/span><!-- [et_pb_line_break_holder] --><span style=\"color: #ffffff\">Org. nummer: 202100-2817<\/span><\/pee><pee style=\"text-align: center\"><span style=\"color: #ffffff\"><a href=\"https:\/\/www.akademikonferens.se\/en\/akademikonferens-integritetspolicy\/\">Privacy Policy<\/a> <a href=\"https:\/\/www.akademikonferens.se\/en\/om-webbplatsen\/\">About this website<\/a><\/span><\/pee><!-- [et_pb_line_break_holder] --><!-- [et_pb_line_break_holder] -->[\/et_pb_fullwidth_code][\/et_pb_section]<\/p>","protected":false},"excerpt":{"rendered":"<p>Om webbplatsen Navigering P\u00e5 Akademikonferens hemsida navigerar du med hj\u00e4lp av menyn i sidhuvudet, via knappar och knappar p\u00e5 start- och ing\u00e5ngssidorna eller via l\u00e4nkar i sidfoten. F\u00f6r att flytta mellan webbplatserna, f\u00f6lj l\u00e4nkarna i rubriken. Tillg\u00e4nglighetsf\u00f6rklaring Vi vill att s\u00e5 m\u00e5nga som m\u00f6jligt ska kunna anv\u00e4nda Akademikonferens webbplatser, oavsett plattform och eventuella hj\u00e4lpmedel. Vi [&hellip;]<\/p>","protected":false},"author":19,"featured_media":0,"parent":0,"menu_order":0,"comment_status":"closed","ping_status":"closed","template":"","meta":{"_et_pb_use_builder":"on","_et_pb_old_content":"","_et_gb_content_width":"","footnotes":""},"class_list":["post-988","page","type-page","status-publish","hentry"],"_links":{"self":[{"href":"https:\/\/www.akademikonferens.se\/en\/wp-json\/wp\/v2\/pages\/988","targetHints":{"allow":["GET"]}}],"collection":[{"href":"https:\/\/www.akademikonferens.se\/en\/wp-json\/wp\/v2\/pages"}],"about":[{"href":"https:\/\/www.akademikonferens.se\/en\/wp-json\/wp\/v2\/types\/page"}],"author":[{"embeddable":true,"href":"https:\/\/www.akademikonferens.se\/en\/wp-json\/wp\/v2\/users\/19"}],"replies":[{"embeddable":true,"href":"https:\/\/www.akademikonferens.se\/en\/wp-json\/wp\/v2\/comments?post=988"}],"version-history":[{"count":6,"href":"https:\/\/www.akademikonferens.se\/en\/wp-json\/wp\/v2\/pages\/988\/revisions"}],"predecessor-version":[{"id":1003,"href":"https:\/\/www.akademikonferens.se\/en\/wp-json\/wp\/v2\/pages\/988\/revisions\/1003"}],"wp:attachment":[{"href":"https:\/\/www.akademikonferens.se\/en\/wp-json\/wp\/v2\/media?parent=988"}],"curies":[{"name":"wp","href":"https:\/\/api.w.org\/{rel}","templated":true}]}}